{"id":3075,"date":"2023-10-03T17:33:51","date_gmt":"2023-10-03T17:33:51","guid":{"rendered":"https:\/\/adrian-werum.com\/nella-stampa\/"},"modified":"2024-05-25T14:35:42","modified_gmt":"2024-05-25T14:35:42","slug":"nella-stampa","status":"publish","type":"page","link":"https:\/\/adrian-werum.com\/it\/nella-stampa\/","title":{"rendered":"Nella stampa"},"content":{"rendered":"\t\t<div data-elementor-type=\"wp-page\" data-elementor-id=\"3075\" class=\"elementor elementor-3075 elementor-1669\">\n\t\t\t\t<div class=\"elementor-element elementor-element-13c83aa e-flex e-con-boxed qodef-elementor-content-no e-con e-parent\" data-id=\"13c83aa\" data-element_type=\"container\" data-settings=\"{&quot;background_background&quot;:&quot;classic&quot;}\">\n\t\t\t\t\t<div class=\"e-con-inner\">\n\t\t\t\t<div class=\"elementor-element elementor-element-a785835 elementor-widget elementor-widget-heading\" data-id=\"a785835\" data-element_type=\"widget\" data-widget_type=\"heading.default\">\n\t\t\t\t<div class=\"elementor-widget-container\">\n\t\t\t\t\t<h1 class=\"elementor-heading-title elementor-size-default\">Nella stampa<\/h1>\t\t\t\t<\/div>\n\t\t\t\t<\/div>\n\t\t\t\t\t<\/div>\n\t\t\t\t<\/div>\n\t\t<div class=\"elementor-element elementor-element-cfcbc59 e-flex e-con-boxed qodef-elementor-content-no e-con e-parent\" data-id=\"cfcbc59\" data-element_type=\"container\" data-settings=\"{&quot;background_background&quot;:&quot;classic&quot;}\">\n\t\t\t\t\t<div class=\"e-con-inner\">\n\t\t<div class=\"elementor-element elementor-element-0dd5521 e-con-full e-flex qodef-elementor-content-no e-con e-child\" data-id=\"0dd5521\" data-element_type=\"container\">\n\t\t\t\t<div class=\"elementor-element elementor-element-4b54ac1 elementor-widget elementor-widget-heading\" data-id=\"4b54ac1\" data-element_type=\"widget\" data-widget_type=\"heading.default\">\n\t\t\t\t<div class=\"elementor-widget-container\">\n\t\t\t\t\t<h3 class=\"elementor-heading-title elementor-size-default\">RHEINPFALZ<\/h3>\t\t\t\t<\/div>\n\t\t\t\t<\/div>\n\t\t\t\t<div class=\"elementor-element elementor-element-f2778a2 elementor-widget elementor-widget-text-editor\" data-id=\"f2778a2\" data-element_type=\"widget\" data-widget_type=\"text-editor.default\">\n\t\t\t\t<div class=\"elementor-widget-container\">\n\t\t\t\t\t\t\t\t\t<h4>Quando i cerchi si chiudono<\/h4>\n<p>Eisenberg: la scuola di musica del distretto celebra il suo 30\u00b0 anniversario con un concerto &#8211; la sinfonia di Adrian Werum \u00e8 il pezzo forte<\/p>\n<p>Fu il compositore Rolf Rudin a scrivere l&#8217;inno &#8211; la fantasia orchestrale &#8220;Die Tore der Sonne&#8221; &#8211; per il 20\u00b0 anniversario della Kreismusikschule (KMS). Questa volta, il 30, ci sar\u00e0 un&#8217;altra anteprima mondiale. Una che chiuder\u00e0 molti cerchi. Il concerto per l&#8217;anniversario si terr\u00e0 il 22 settembre a Eisenberg.<\/p>\n<p>Ora \u00e8 Adrian Werum, un altro compositore, arrangiatore e direttore d&#8217;orchestra di successo internazionale, a contribuire con la sua musica alla festa: una &#8220;Sinfonia di Donnersberg&#8221; in tre movimenti. Sar\u00e0 suonata dalla Donnersberg Symphonic Wind Orchestra, la giovane orchestra selezionata del Donnersberg Music District, come annuncia la direttrice della KMS, Jolanthe Seidel-Zimmermann.<\/p>\n<p>Perch\u00e9? S\u00ec, questo fa eco a qualcosa che \u00e8 strettamente legato alla storia della scuola di musica del distretto. Il suo primo manager a tempo pieno fu Werner Werum, il padre di Adrian Werum. Werner Werum, scomparso lo scorso anno, ha diretto il KMS dal 1988 al 2002. Inizi\u00f2 a collaborare con i club di musica e canto, ampli\u00f2 l&#8217;educazione musicale precoce e port\u00f2 al KMS un numero record di alunni: con 1.850 alunni, era uno dei pi\u00f9 grandi della Renania-Palatinato all&#8217;epoca di Werum. Oggi, circa 64 liberi professionisti insegnano a circa 800 alunni, afferma Seidel-Zimmermann. Questo \u00e8 dovuto al fatto che i soldi non sono pi\u00f9 cos\u00ec facili da reperire, si sono aggiunte scuole di musica private e, non ultimo, il numero di bambini \u00e8 diminuito.<br \/>&#8220;\u00c8 stato subito disponibile&#8221;, dice Seidel-Zimmermann, che dirige anche l&#8217;ensemble &#8220;Blaues Haus&#8221;, entusiasta dell&#8217;apertura mentale di Adrian Werum. Le viene anche in mente una produzione della KMS dei primi anni, &#8220;Bastien und Bastienne&#8221;, un singspiel scritto dal dodicenne Mozart. Aveva recitato lei stessa la piccola opera. E Adrian Werum, che ora si sta concentrando sul distretto in cui suo padre lavorava come compositore, si \u00e8 seduto al pianoforte in quel periodo. Questo chiude un cerchio. Il contributo per l&#8217;anniversario di Adrian Werum, che vive a Stoccarda quando non lavora a produzioni musicali a New York, Seul o Zurigo, \u00e8 particolarmente importante per lei, dice Jolanthe Seidel-Zimmermann.<br \/>&#8220;Prima di tutto, si tratta di stabilire una connessione locale&#8221;, afferma il 49enne Werum, spiegando come ha affrontato il compito. All&#8217;epoca, Rudin trov\u00f2 il riferimento locale nei Celti. Adrian Werum, tuttavia, si \u00e8 rifatto a una raccolta di canzoni popolari che suo padre aveva pubblicato. &#8220;In due movimenti&#8221;, dice il compositore, &#8220;utilizzo vecchie canzoni popolari&#8221;. Questi sono anche i titoli del primo e del terzo movimento della sinfonia. Il primo movimento si chiama &#8220;Der Herr von Falkenstein&#8221;, il terzo &#8220;Horch, was geht im Schlosse vor&#8221;. Werum descrive il suo linguaggio musicale in questa sinfonia come classico tradizionale, in cui &#8220;trovano spazio anche alcune cose del XX secolo&#8221;. Ha anche incorporato echi di culture musicali precedenti, musica del Medioevo o del Rinascimento.<br \/>La stessa Jolanthe Seidel-Zimmermann ha chiuso il cerchio, anche se non ancora il 22 settembre. Ma nella primavera del 2019, la nativa di Danzica, che insegna canto qui dal 1986, \u00e8 stata membro del KMS fin dalla sua fondazione e ne ha assunto la direzione nel 2004, andr\u00e0 in pensione e quindi ceder\u00e0 la gestione, comprese le lezioni di canto &#8211; la famiglia sar\u00e0 quindi al centro della scena per lei. Il suo successore non \u00e8 ancora stato nominato. &#8220;Dovresti partire quando \u00e8 al meglio&#8221;, dice.<br \/>Ma ora \u00e8 il momento di festeggiare. Il 22 settembre, nella sala parrocchiale protestante di Eisenberg, si terr\u00e0 il concerto per l&#8217;anniversario, dove una serie di artisti ed ensemble si esibiranno a partire dalle ore 18.00. Il coro di bambini S(w)inging Kids aprir\u00e0 la serata, seguito dai contributi di Galina R\u00fcb (pianoforte) e Jeremia Teurer &#8211; il secondo vincitore nazionale di &#8220;Jugend musiziert&#8221; dimostrer\u00e0 le sue abilit\u00e0 al contrabbasso e al flauto dolce. Dopo l&#8217;orchestra d&#8217;archi Alba e l&#8217;orchestra di fisarmoniche Keiper, l&#8217;accordo finale appartiene all&#8217;orchestra sinfonica di fiati Donnersberg con la &#8220;Donnersberg Symphony&#8221;.<\/p>\n\t\t\t\t\t\t\t\t<\/div>\n\t\t\t\t<\/div>\n\t\t\t\t<\/div>\n\t\t<div class=\"elementor-element elementor-element-90a6d0a e-con-full e-flex qodef-elementor-content-no e-con e-child\" data-id=\"90a6d0a\" data-element_type=\"container\">\n\t\t\t\t<div class=\"elementor-element elementor-element-773efb2 elementor-widget elementor-widget-heading\" data-id=\"773efb2\" data-element_type=\"widget\" data-widget_type=\"heading.default\">\n\t\t\t\t<div class=\"elementor-widget-container\">\n\t\t\t\t\t<h3 class=\"elementor-heading-title elementor-size-default\">SCHWARZW\u00c4LDER BOTE<\/h3>\t\t\t\t<\/div>\n\t\t\t\t<\/div>\n\t\t\t\t<div class=\"elementor-element elementor-element-8757fe8 elementor-widget elementor-widget-text-editor\" data-id=\"8757fe8\" data-element_type=\"widget\" data-widget_type=\"text-editor.default\">\n\t\t\t\t<div class=\"elementor-widget-container\">\n\t\t\t\t\t\t\t\t\t<h4>Pericolo: l&#8217;habitat delle cimici fragili \u00e8 minacciato<\/h4>\n<p>Musical: i bambini fanno teatro per l&#8217;associazione di sostegno della scuola primaria di Kreuzerfeld \/ Sostegno di prima classe<\/p>\n<p>Tre spettacoli che hanno registrato il tutto esaurito: i 320 alunni della scuola elementare di Kreuzerfeld possono essere orgogliosi di ci\u00f2 che hanno ottenuto insieme al personale docente e ai genitori.<\/p>\n<p>Dall&#8217;inizio del nuovo anno scolastico, la scuola primaria \u00e8 stata impegnata nelle prove del musical per bambini &#8220;Rocko e il cuore di pietra&#8221;.<\/p>\n<p>L&#8217;opera ha avuto la sua acclamata prima nella Festhalle gioved\u00ec sera, seguita da altre due rappresentazioni per le scuole di Rottenburg e per il pubblico ieri.<\/p>\n<p>Adrian Werum ha composto e scritto i testi del musical insieme a Hanna Zielke e Klaus Abeldt. La storia del piccolo Rocko, che \u00e8 un piccolo cavallo di battaglia a scuola e ora viene a vivere con i nonni, tocca il cuore e ci ricorda la conservazione della natura senza puntare il dito.<\/p>\n<p>Questo perch\u00e9 molte foreste vengono disboscate per la costruzione di strade nella citt\u00e0 indiana o araba in cui vivono i nonni, un problema di portata globale. Con l&#8217;aiuto dei &#8220;brittles&#8221;, simili a elfi, Rocko riesce a impedire l&#8217;abbattimento di altri alberi, proteggendo cos\u00ec la natura e permettendo ai brittles di mantenere il loro habitat.<\/p>\n<p>I costumi elaborati e le canzoni e i testi superbamente provati hanno reso le esibizioni un vero e proprio colpo d&#8217;occhio e una meravigliosa esperienza teatrale. Kerstin Bl\u00fcmle era responsabile dei costumi e si occupava anche del design artistico. Klaus Abeldt era responsabile del teatro, Hanna Zielke provava il musical insieme agli studenti.<\/p>\n<p>Adrian Werum era responsabile della band e si poteva sentire anche al pianoforte. Wolfgang Reichert ha suonato il violoncello e il contrabbasso, Christoph Eschenfelder ha fornito le percussioni e Viktoria Eschenfelder ha suonato il flauto. Nicolas Achilles (percussioni) e R\u00fcdiger Ruf alla tromba completano il gruppo.<\/p>\n<p>La porta della saggezza deve essere superata<\/p>\n<p>Rocko (interpretato da Oleander Eschenfelder e Laura Walter), insieme ai brittles, in particolare al fragile elfo Aisuluu, cerca il cuore rosso che un tempo batteva in un albero sacro e che quindi promuoveva e proteggeva la coesistenza di umani e brittles. Anche Aisuluu (Sarah Kirstgen e Amelie Peschel) sa dove si trova il cuore rosso: In fondo a un lago profondo.<\/p>\n<p>Prima di ci\u00f2, Rocko deve attraversare la Porta della Saggezza e risolvere un indovinello sul cuore pulsante. Scopre la risposta e nuota o fa snorkeling nel lago profondo. Quello che trova \u00e8 un cuore di pietra. Quando lo colloca sull&#8217;albero sacro con Aisuluu e gli Spr\u00f6dling (Amelie Peschel, Leonie Bauer, Amina Sabir, Milena Romano, Ida Lensch e Jana Konovodov), inizia a battere con il sostegno della folla di bambini presenti.<\/p>\n<p>Quindi i brittles sono salvi. E non rubano pi\u00f9 le cose agli umani, ma vogliono vivere pacificamente con loro.<\/p>\n<p>Michelle Lauer ha brillato nel ruolo della madre di Rocko, mentre il padre di Rocko \u00e8 interpretato da Oliver Voigt. Laura Geiger, Edanur Karag\u00f6z, Chiara Sancarlo, Isabella Ciccomascolo, Jenny Do, Gloria Papailia e Renginaz Ozt\u00fcrk sono stati brillanti anche in altri ruoli.<\/p>\n<p>Compositore gi\u00e0 premiato pi\u00f9 volte<\/p>\n<p>La produzione teatrale e musicale \u00e8 stata realizzata con il supporto di Sabine Niethammer del Teatro Hammerschmiede. Il laboratorio musicale ha sostenuto il progetto musicale. Daniel Schneider ha curato le luci e il suono, mentre Isabell Vielgas e Stefanie Lupo si sono occupate della realizzazione grafica.<\/p>\n<p>Il compositore Adrian Werum ha gi\u00e0 ricevuto diversi premi per le sue composizioni. Ha anche fondato l'&#8221;Orchestra delle Culture&#8221; nel quartiere Rosenstein di Stoccarda. Ha lavorato come direttore musicale per Anna-Maria Kaufmann e Marshall &amp; Alexander, tra gli altri.<\/p>\n\t\t\t\t\t\t\t\t<\/div>\n\t\t\t\t<\/div>\n\t\t\t\t<\/div>\n\t\t<div class=\"elementor-element elementor-element-4f861da e-con-full e-flex qodef-elementor-content-no e-con e-child\" data-id=\"4f861da\" data-element_type=\"container\">\n\t\t\t\t<div class=\"elementor-element elementor-element-7546184 elementor-widget elementor-widget-heading\" data-id=\"7546184\" data-element_type=\"widget\" data-widget_type=\"heading.default\">\n\t\t\t\t<div class=\"elementor-widget-container\">\n\t\t\t\t\t<h3 class=\"elementor-heading-title elementor-size-default\">GIORNALE DEL CIRCOLO<\/h3>\t\t\t\t<\/div>\n\t\t\t\t<\/div>\n\t\t\t\t<div class=\"elementor-element elementor-element-e4cc4af elementor-widget elementor-widget-text-editor\" data-id=\"e4cc4af\" data-element_type=\"widget\" data-widget_type=\"text-editor.default\">\n\t\t\t\t<div class=\"elementor-widget-container\">\n\t\t\t\t\t\t\t\t\t<h4>Prima mondiale davanti a uno scenario da sogno<\/h4>\n<p>Musica d&#8217;acqua a Sindelfingen sul lago Klostersee: il grande coro del progetto e l&#8217;Orchestra delle Culture hanno presentato la &#8220;Misa Latina&#8221;.<\/p>\n<p>Sabato la musica d&#8217;acqua di Sindelfingen emanava un&#8217;atmosfera mediterranea. In questa splendida serata estiva, si stima che circa 3000 visitatori si siano riversati sul Klostersee per assistere a una prima mondiale sul palcoscenico d&#8217;acqua.<br \/>Circa 100 cantanti e un&#8217;orchestra colorata hanno presentato un&#8217;opulenta musica mondiale.<\/p>\n<p>Da Robert Kr\u00fclle<\/p>\n<p>SINDELFINGEN. Il compositore e direttore d&#8217;orchestra di Stoccarda Adrian Werum fa parte della scena culturale di Sindelfingen sin dall&#8217;anniversario della citt\u00e0 nel 2013. Ha avuto un ruolo di primo piano in diversi progetti e musical importanti. Ora ha composto la &#8220;Misa Latina&#8221; insieme al musicista ecuadoriano Christian Mejia e ha diretto la prima esecuzione sabato sul palco galleggiante di Klostersee.<\/p>\n<p>Il coro di 100 persone, composto da membri del Coro delle Culture, del Sindelfin Children&#8217;s and Youth Choir, della Cappella Nuova e delle voci pop degli Exsample, \u00e8 stato di per s\u00e9 impressionante dal punto di vista visivo. L&#8217;Orchestra delle Culture &#8211; fondata e diretta da Adrian Werum &#8211; dispone di una sezione d&#8217;archi completa, di diversi strumenti a fiato classici e della sezione ritmica, nonch\u00e9 di strumenti orientali, come il saz, un liuto dal collo lungo.<\/p>\n<p>I compositori vogliono unire diverse culture nella &#8220;Misa Latina&#8221;. L&#8217;opera in undici parti \u00e8 caratterizzata da ritmi e suoni latino-americani, arricchiti da elementi classici, jazzistici e pop. Si uniscono pi\u00f9 volte diversi cantanti solisti: il siriano Mohammad Habbal, la peruviana De- bora Vilchez, la cubana Jaqueline Cas- tellanos e la tedesca Cornelia Lanz portano stili di canto da tutto il mondo. Il che suona particolarmente eccitante quando rompono con il suono orchestrale. Ad esempio nel brano &#8220;Viracocha&#8221;, quando la voce lirica di Lanz incontra i suoni cubani degli strumentisti.<\/p>\n<p>Anche se il tempo di preparazione congiunta di coro e orchestra non \u00e8 stato particolarmente esteso, l&#8217;interazione ha funzionato perfettamente &#8211; un grande merito dei direttori Adrian Werum e Daniel Tepper. Il cantore di Sindelfingen, in particolare, era sottoposto a una grande pressione in quanto si trovava tra gli ensemble e dava le spalle a Werum. Tepper continuava a sbirciare dietro le spalle per cogliere i movimenti del suo collega.<\/p>\n<p>In &#8220;Gro\u00dfer Gott&#8221; in tempo triplo, le voci del coro si adagiano con calma sul ritmo svolazzante, mentre in &#8220;Ave Werum&#8221; (in realt\u00e0 &#8220;Ave verum&#8221;) il coro, l&#8217;orchestra e i solisti si completano a vicenda in modo quasi perfetto. E questa coesistenza armoniosa corrisponde all&#8217;intenzione dei compositori di quest&#8217;opera multiculturale. &#8220;Crediamo che in questi tempi difficili il mondo abbia bisogno di una nuova spiritualit\u00e0 che si basi su tutte le culture&#8221;, proclama Adrian Werum prima della canzone finale &#8220;Spirit of one&#8221;.<\/p>\n<p>Ma c&#8217;\u00e8 anche spazio per le critiche in termini di suono: nonostante l&#8217;enorme gamma di stili musicali e strumenti, le dense sezioni di archi in particolare riverberano &#8211; e non necessariamente in modo positivo. Troppo spesso la sezione d&#8217;archi a pi\u00f9 teste mette in ombra i ritmi pi\u00f9 fini e le strutture pi\u00f9 sottili della composizione, dominando l&#8217;impressione generale. Gli strumenti pi\u00f9 esotici dovrebbero avere pi\u00f9 spazio, cos\u00ec come le sezioni pi\u00f9 dinamiche.<\/p>\n\t\t\t\t\t\t\t\t<\/div>\n\t\t\t\t<\/div>\n\t\t\t\t<\/div>\n\t\t\t\t\t<\/div>\n\t\t\t\t<\/div>\n\t\t\t\t<\/div>\n\t\t","protected":false},"excerpt":{"rendered":"<p>Nella stampa RHEINPFALZ Quando i cerchi si chiudono Eisenberg: la scuola di musica del distretto celebra il suo 30\u00b0 anniversario [&hellip;]<\/p>\n","protected":false},"author":2,"featured_media":0,"parent":0,"menu_order":0,"comment_status":"closed","ping_status":"closed","template":"","meta":{"_uf_show_specific_survey":0,"_uf_disable_surveys":false,"site-sidebar-layout":"default","site-content-layout":"","ast-site-content-layout":"","site-content-style":"default","site-sidebar-style":"default","ast-global-header-display":"","ast-banner-title-visibility":"","ast-main-header-display":"","ast-hfb-above-header-display":"","ast-hfb-below-header-display":"","ast-hfb-mobile-header-display":"","site-post-title":"","ast-breadcrumbs-content":"","ast-featured-img":"","footer-sml-layout":"","theme-transparent-header-meta":"","adv-header-id-meta":"","stick-header-meta":"","header-above-stick-meta":"","header-main-stick-meta":"","header-below-stick-meta":"","astra-migrate-meta-layouts":"default","ast-page-background-enabled":"default","ast-page-background-meta":{"desktop":{"background-color":"var(--ast-global-color-4)","background-image":"","background-repeat":"repeat","background-position":"center center","background-size":"auto","background-attachment":"scroll","background-type":"","background-media":"","overlay-type":"","overlay-color":"","overlay-opacity":"","overlay-gradient":""},"tablet":{"background-color":"","background-image":"","background-repeat":"repeat","background-position":"center center","background-size":"auto","background-attachment":"scroll","background-type":"","background-media":"","overlay-type":"","overlay-color":"","overlay-opacity":"","overlay-gradient":""},"mobile":{"background-color":"","background-image":"","background-repeat":"repeat","background-position":"center center","background-size":"auto","background-attachment":"scroll","background-type":"","background-media":"","overlay-type":"","overlay-color":"","overlay-opacity":"","overlay-gradient":""}},"ast-content-background-meta":{"desktop":{"background-color":"var(--ast-global-color-5)","background-image":"","background-repeat":"repeat","background-position":"center center","background-size":"auto","background-attachment":"scroll","background-type":"","background-media":"","overlay-type":"","overlay-color":"","overlay-opacity":"","overlay-gradient":""},"tablet":{"background-color":"var(--ast-global-color-5)","background-image":"","background-repeat":"repeat","background-position":"center center","background-size":"auto","background-attachment":"scroll","background-type":"","background-media":"","overlay-type":"","overlay-color":"","overlay-opacity":"","overlay-gradient":""},"mobile":{"background-color":"var(--ast-global-color-5)","background-image":"","background-repeat":"repeat","background-position":"center center","background-size":"auto","background-attachment":"scroll","background-type":"","background-media":"","overlay-type":"","overlay-color":"","overlay-opacity":"","overlay-gradient":""}},"footnotes":""},"class_list":["post-3075","page","type-page","status-publish","hentry"],"yoast_head":"<!-- This site is optimized with the Yoast SEO plugin v24.9 - https:\/\/yoast.com\/wordpress\/plugins\/seo\/ -->\n<title>Nella stampa - Adrian Werum - Composer, Conductor, Pianist<\/title>\n<meta name=\"robots\" content=\"index, follow, max-snippet:-1, max-image-preview:large, max-video-preview:-1\" \/>\n<link rel=\"canonical\" href=\"https:\/\/adrian-werum.com\/it\/nella-stampa\/\" \/>\n<meta property=\"og:locale\" content=\"it_IT\" \/>\n<meta property=\"og:type\" content=\"article\" \/>\n<meta property=\"og:title\" content=\"Nella stampa - Adrian Werum - Composer, Conductor, Pianist\" \/>\n<meta property=\"og:description\" content=\"Nella stampa RHEINPFALZ Quando i cerchi si chiudono Eisenberg: la scuola di musica del distretto celebra il suo 30\u00b0 anniversario [&hellip;]\" \/>\n<meta property=\"og:url\" content=\"https:\/\/adrian-werum.com\/it\/nella-stampa\/\" \/>\n<meta property=\"og:site_name\" content=\"Adrian Werum - Composer, Conductor, Pianist\" \/>\n<meta property=\"article:modified_time\" content=\"2024-05-25T14:35:42+00:00\" \/>\n<meta name=\"twitter:card\" content=\"summary_large_image\" \/>\n<meta name=\"twitter:label1\" content=\"Tempo di lettura stimato\" \/>\n\t<meta name=\"twitter:data1\" content=\"9 minuti\" \/>\n<script type=\"application\/ld+json\" class=\"yoast-schema-graph\">{\"@context\":\"https:\/\/schema.org\",\"@graph\":[{\"@type\":\"WebPage\",\"@id\":\"https:\/\/adrian-werum.com\/it\/nella-stampa\/\",\"url\":\"https:\/\/adrian-werum.com\/it\/nella-stampa\/\",\"name\":\"Nella stampa - Adrian Werum - Composer, Conductor, Pianist\",\"isPartOf\":{\"@id\":\"https:\/\/adrian-werum.com\/it\/#website\"},\"datePublished\":\"2023-10-03T17:33:51+00:00\",\"dateModified\":\"2024-05-25T14:35:42+00:00\",\"breadcrumb\":{\"@id\":\"https:\/\/adrian-werum.com\/it\/nella-stampa\/#breadcrumb\"},\"inLanguage\":\"it-IT\",\"potentialAction\":[{\"@type\":\"ReadAction\",\"target\":[\"https:\/\/adrian-werum.com\/it\/nella-stampa\/\"]}]},{\"@type\":\"BreadcrumbList\",\"@id\":\"https:\/\/adrian-werum.com\/it\/nella-stampa\/#breadcrumb\",\"itemListElement\":[{\"@type\":\"ListItem\",\"position\":1,\"name\":\"Home\",\"item\":\"https:\/\/adrian-werum.com\/it\/\"},{\"@type\":\"ListItem\",\"position\":2,\"name\":\"Nella stampa\"}]},{\"@type\":\"WebSite\",\"@id\":\"https:\/\/adrian-werum.com\/it\/#website\",\"url\":\"https:\/\/adrian-werum.com\/it\/\",\"name\":\"Adrian Werum - Composer, Conductor, Pianist\",\"description\":\"Award-winning Composer &amp; Musical Director for Musical Theatre\",\"publisher\":{\"@id\":\"https:\/\/adrian-werum.com\/it\/#\/schema\/person\/484a170c749b5c90de03a53e37062fa8\"},\"potentialAction\":[{\"@type\":\"SearchAction\",\"target\":{\"@type\":\"EntryPoint\",\"urlTemplate\":\"https:\/\/adrian-werum.com\/it\/?s={search_term_string}\"},\"query-input\":{\"@type\":\"PropertyValueSpecification\",\"valueRequired\":true,\"valueName\":\"search_term_string\"}}],\"inLanguage\":\"it-IT\"},{\"@type\":[\"Person\",\"Organization\"],\"@id\":\"https:\/\/adrian-werum.com\/it\/#\/schema\/person\/484a170c749b5c90de03a53e37062fa8\",\"name\":\"Adrian Werum\",\"image\":{\"@type\":\"ImageObject\",\"inLanguage\":\"it-IT\",\"@id\":\"https:\/\/adrian-werum.com\/it\/#\/schema\/person\/image\/\",\"url\":\"https:\/\/i0.wp.com\/adrian-werum.com\/wp-content\/uploads\/2023\/10\/Hannes_Vogel_im_Kreis-removebg-Adrian-Werum.png?fit=768%2C608&ssl=1\",\"contentUrl\":\"https:\/\/i0.wp.com\/adrian-werum.com\/wp-content\/uploads\/2023\/10\/Hannes_Vogel_im_Kreis-removebg-Adrian-Werum.png?fit=768%2C608&ssl=1\",\"width\":768,\"height\":608,\"caption\":\"Adrian Werum\"},\"logo\":{\"@id\":\"https:\/\/adrian-werum.com\/it\/#\/schema\/person\/image\/\"}}]}<\/script>\n<!-- \/ Yoast SEO plugin. -->","yoast_head_json":{"title":"Nella stampa - Adrian Werum - Composer, Conductor, Pianist","robots":{"index":"index","follow":"follow","max-snippet":"max-snippet:-1","max-image-preview":"max-image-preview:large","max-video-preview":"max-video-preview:-1"},"canonical":"https:\/\/adrian-werum.com\/it\/nella-stampa\/","og_locale":"it_IT","og_type":"article","og_title":"Nella stampa - Adrian Werum - Composer, Conductor, Pianist","og_description":"Nella stampa RHEINPFALZ Quando i cerchi si chiudono Eisenberg: la scuola di musica del distretto celebra il suo 30\u00b0 anniversario [&hellip;]","og_url":"https:\/\/adrian-werum.com\/it\/nella-stampa\/","og_site_name":"Adrian Werum - Composer, Conductor, Pianist","article_modified_time":"2024-05-25T14:35:42+00:00","twitter_card":"summary_large_image","twitter_misc":{"Tempo di lettura stimato":"9 minuti"},"schema":{"@context":"https:\/\/schema.org","@graph":[{"@type":"WebPage","@id":"https:\/\/adrian-werum.com\/it\/nella-stampa\/","url":"https:\/\/adrian-werum.com\/it\/nella-stampa\/","name":"Nella stampa - Adrian Werum - Composer, Conductor, Pianist","isPartOf":{"@id":"https:\/\/adrian-werum.com\/it\/#website"},"datePublished":"2023-10-03T17:33:51+00:00","dateModified":"2024-05-25T14:35:42+00:00","breadcrumb":{"@id":"https:\/\/adrian-werum.com\/it\/nella-stampa\/#breadcrumb"},"inLanguage":"it-IT","potentialAction":[{"@type":"ReadAction","target":["https:\/\/adrian-werum.com\/it\/nella-stampa\/"]}]},{"@type":"BreadcrumbList","@id":"https:\/\/adrian-werum.com\/it\/nella-stampa\/#breadcrumb","itemListElement":[{"@type":"ListItem","position":1,"name":"Home","item":"https:\/\/adrian-werum.com\/it\/"},{"@type":"ListItem","position":2,"name":"Nella stampa"}]},{"@type":"WebSite","@id":"https:\/\/adrian-werum.com\/it\/#website","url":"https:\/\/adrian-werum.com\/it\/","name":"Adrian Werum - Composer, Conductor, Pianist","description":"Award-winning Composer &amp; Musical Director for Musical Theatre","publisher":{"@id":"https:\/\/adrian-werum.com\/it\/#\/schema\/person\/484a170c749b5c90de03a53e37062fa8"},"potentialAction":[{"@type":"SearchAction","target":{"@type":"EntryPoint","urlTemplate":"https:\/\/adrian-werum.com\/it\/?s={search_term_string}"},"query-input":{"@type":"PropertyValueSpecification","valueRequired":true,"valueName":"search_term_string"}}],"inLanguage":"it-IT"},{"@type":["Person","Organization"],"@id":"https:\/\/adrian-werum.com\/it\/#\/schema\/person\/484a170c749b5c90de03a53e37062fa8","name":"Adrian Werum","image":{"@type":"ImageObject","inLanguage":"it-IT","@id":"https:\/\/adrian-werum.com\/it\/#\/schema\/person\/image\/","url":"https:\/\/i0.wp.com\/adrian-werum.com\/wp-content\/uploads\/2023\/10\/Hannes_Vogel_im_Kreis-removebg-Adrian-Werum.png?fit=768%2C608&ssl=1","contentUrl":"https:\/\/i0.wp.com\/adrian-werum.com\/wp-content\/uploads\/2023\/10\/Hannes_Vogel_im_Kreis-removebg-Adrian-Werum.png?fit=768%2C608&ssl=1","width":768,"height":608,"caption":"Adrian Werum"},"logo":{"@id":"https:\/\/adrian-werum.com\/it\/#\/schema\/person\/image\/"}}]}},"_links":{"self":[{"href":"https:\/\/adrian-werum.com\/it\/wp-json\/wp\/v2\/pages\/3075","targetHints":{"allow":["GET"]}}],"collection":[{"href":"https:\/\/adrian-werum.com\/it\/wp-json\/wp\/v2\/pages"}],"about":[{"href":"https:\/\/adrian-werum.com\/it\/wp-json\/wp\/v2\/types\/page"}],"author":[{"embeddable":true,"href":"https:\/\/adrian-werum.com\/it\/wp-json\/wp\/v2\/users\/2"}],"replies":[{"embeddable":true,"href":"https:\/\/adrian-werum.com\/it\/wp-json\/wp\/v2\/comments?post=3075"}],"version-history":[{"count":2,"href":"https:\/\/adrian-werum.com\/it\/wp-json\/wp\/v2\/pages\/3075\/revisions"}],"predecessor-version":[{"id":3080,"href":"https:\/\/adrian-werum.com\/it\/wp-json\/wp\/v2\/pages\/3075\/revisions\/3080"}],"wp:attachment":[{"href":"https:\/\/adrian-werum.com\/it\/wp-json\/wp\/v2\/media?parent=3075"}],"curies":[{"name":"wp","href":"https:\/\/api.w.org\/{rel}","templated":true}]}}