{"id":3050,"date":"2024-04-09T11:44:01","date_gmt":"2024-04-09T11:44:01","guid":{"rendered":"https:\/\/adrian-werum.com\/protezione-dei-dati\/"},"modified":"2024-05-25T14:35:35","modified_gmt":"2024-05-25T14:35:35","slug":"protezione-dei-dati","status":"publish","type":"page","link":"https:\/\/adrian-werum.com\/it\/protezione-dei-dati\/","title":{"rendered":"Protezione dei dati"},"content":{"rendered":"\t\t<div data-elementor-type=\"wp-page\" data-elementor-id=\"3050\" class=\"elementor elementor-3050 elementor-2461\">\n\t\t\t\t<div class=\"elementor-element elementor-element-6741f62 e-flex e-con-boxed qodef-elementor-content-no e-con e-parent\" data-id=\"6741f62\" data-element_type=\"container\" data-e-type=\"container\" data-settings=\"{&quot;background_background&quot;:&quot;classic&quot;}\">\n\t\t\t\t\t<div class=\"e-con-inner\">\n\t\t\t\t<div class=\"elementor-element elementor-element-3676b42 elementor-widget elementor-widget-heading\" data-id=\"3676b42\" data-element_type=\"widget\" data-e-type=\"widget\" data-widget_type=\"heading.default\">\n\t\t\t\t<div class=\"elementor-widget-container\">\n\t\t\t\t\t<h1 class=\"elementor-heading-title elementor-size-default\">Protezione dei dati<\/h1>\t\t\t\t<\/div>\n\t\t\t\t<\/div>\n\t\t\t\t\t<\/div>\n\t\t\t\t<\/div>\n\t\t<div class=\"elementor-element elementor-element-762ece2 e-flex e-con-boxed qodef-elementor-content-no e-con e-parent\" data-id=\"762ece2\" data-element_type=\"container\" data-e-type=\"container\" data-settings=\"{&quot;background_background&quot;:&quot;classic&quot;}\">\n\t\t\t\t\t<div class=\"e-con-inner\">\n\t\t\t\t<div class=\"elementor-element elementor-element-73557b3 elementor-widget elementor-widget-text-editor\" data-id=\"73557b3\" data-element_type=\"widget\" data-e-type=\"widget\" data-widget_type=\"text-editor.default\">\n\t\t\t\t<div class=\"elementor-widget-container\">\n\t\t\t\t\t\t\t\t\t<p><strong>Il responsabile del trattamento dei dati su questo sito web \u00e8<\/strong><\/p>\n<p>Adrian Werum<br \/>Via A. Bacigalupi 9<br \/>19032 Lerici, Italia<br \/>E-mail: <a href=\"mailto:info@adrian-werum.com\">info@adrian-werum.com<\/a><\/p>\n<p>Il responsabile del trattamento decide da solo o insieme ad altri le finalit\u00e0 e i mezzi del trattamento dei dati personali (ad esempio, nomi, dati di contatto, ecc.).<\/p>\n<p><strong>Revoca del consenso al trattamento dei dati<\/strong><\/p>\n<p>Alcune operazioni di trattamento dei dati sono possibili solo con il tuo consenso espresso. Puoi ritirare il tuo consenso in qualsiasi momento. Una notifica informale via e-mail \u00e8 sufficiente per la cancellazione. La legalit\u00e0 del trattamento dei dati effettuato fino alla revoca rimane inalterata dalla revoca stessa.<\/p>\n<p><strong>Diritto di proporre reclamo all&#8217;autorit\u00e0 di vigilanza competente<\/strong><\/p>\n<p>In qualit\u00e0 di soggetto interessato, hai il diritto di presentare un reclamo all&#8217;autorit\u00e0 di vigilanza competente in caso di violazione della legge sulla protezione dei dati. L&#8217;autorit\u00e0 di controllo competente in materia di protezione dei dati \u00e8 il responsabile della protezione dei dati dello stato federale in cui ha sede la nostra azienda. Il seguente link fornisce un elenco dei responsabili della protezione dei dati e i loro dettagli di contatto: <a href=\"https:\/\/www.bfdi.bund.de\/DE\/Infothek\/Anschriften_Links\/anschriften_links-node.html\">https:\/\/www.bfdi.bund.de\/DE\/Infothek\/Anschriften_Links\/anschriften_links-node.html.<\/a><\/p>\n<p><strong>Diritto alla portabilit\u00e0 dei dati<\/strong><\/p>\n<p>Hai il diritto di ottenere che i dati che trattiamo automaticamente sulla base del tuo consenso o in adempimento di un contratto vengano consegnati a te o a terzi. I dati sono forniti in un formato leggibile dalla macchina. Se richiedi il trasferimento diretto dei dati a un altro responsabile del trattamento, ci\u00f2 avverr\u00e0 solo nella misura in cui sia tecnicamente possibile.<\/p>\n<p><strong>Diritto all&#8217;informazione, alla rettifica, al blocco, alla cancellazione<\/strong><\/p>\n<p>Hai il diritto di ricevere informazioni gratuite sui tuoi dati personali memorizzati, sull&#8217;origine dei dati, sui destinatari e sullo scopo del trattamento dei dati e, se necessario, il diritto alla correzione, al blocco o alla cancellazione di tali dati in qualsiasi momento nell&#8217;ambito delle disposizioni di legge applicabili. Puoi contattarci in qualsiasi momento utilizzando le opzioni di contatto elencate nella nota legale se hai ulteriori domande sul tema dei dati personali.<\/p>\n<p><strong>Crittografia SSL o TLS<\/strong><\/p>\n<p>Per motivi di sicurezza e per proteggere la trasmissione di contenuti riservati che ci invii in qualit\u00e0 di gestore del sito, il nostro sito utilizza una connessione SSL o criptata SSL. Crittografia TLS. Ci\u00f2 significa che i dati che trasmetti tramite questo sito web non possono essere letti da terzi. Puoi riconoscere una connessione criptata dalla riga dell&#8217;indirizzo &#8220;https:\/\/&#8221; del tuo browser e dal simbolo del lucchetto nella riga del browser.<\/p>\n<p><strong>File di log del server<\/strong><\/p>\n<p>Il provider del sito web raccoglie e memorizza automaticamente le informazioni che il tuo browser ci trasmette nei file di log del server. Questi sono:<\/p>\n<ul>\n<li>Pagina visitata sul nostro dominio<\/li>\n<li>Data e ora della richiesta del server<\/li>\n<li>Tipo di browser e versione del browser<\/li>\n<li>Sistema operativo utilizzato<\/li>\n<li>URL di riferimento<\/li>\n<li>Nome host del computer di accesso<\/li>\n<\/ul>\n<p>Questi dati non vengono uniti ad altre fonti di dati. La base per il trattamento dei dati \u00e8 l&#8217;Art. 6 para. 1 lit. b GDPR, che consente il trattamento dei dati per l&#8217;adempimento di un contratto o di misure precontrattuali.<\/p>\n<p><b>Plugin del browser<\/b><\/p>\n<p>L&#8217;impostazione dei cookie da parte del tuo browser web pu\u00f2 essere impedita. Tuttavia, alcune funzioni del nostro sito web potrebbero essere limitate di conseguenza. Puoi anche impedire la raccolta dei dati relativi al tuo utilizzo del sito web, compreso il tuo indirizzo IP e la successiva elaborazione da parte di Google. Puoi farlo scaricando e installando il plug-in del browser disponibile al seguente link: <a href=\"https:\/\/tools.google.com\/dlpage\/gaoptout?hl=de\">https:\/\/tools.google.com\/dlpage\/gaoptout?hl=de.<\/a><\/p>\n<p><b>Obiezione alla raccolta dei dati<\/b><\/p>\n<p>Puoi impedire la raccolta dei tuoi dati da parte di Google Analytics cliccando sul seguente link. Verr\u00e0 impostato un cookie di opt-out per evitare che i tuoi dati vengano raccolti in occasione di future visite al nostro sito web: Disattiva Google Analytics.<\/p>\n<p>I dettagli su come Google Analytics gestisce i dati degli utenti sono disponibili nell&#8217;informativa sulla privacy di Google: <a href=\"https:\/\/support.google.com\/analytics\/answer\/6004245?hl=de\">https:\/\/support.google.com\/analytics\/answer\/6004245?hl=de.<\/a><\/p>\n<p><strong style=\"font-style: inherit; color: var( --e-global-color-text ); font-family: var( --e-global-typography-text-font-family ), Sans-serif; text-align: var(--text-align); background-color: var( --e-global-color-fb71137 );\">Google Web Fonts<\/strong><\/p>\n<p>Il nostro sito web utilizza i web font di Google. Il fornitore \u00e8 Google Inc, 1600 Amphitheatre Parkway, Mountain View, CA 94043, USA.<\/p>\n<p>Utilizzando questi web font, possiamo presentarti la presentazione desiderata del nostro sito web, indipendentemente dai font disponibili a livello locale. Questo avviene tramite il recupero dei Google Web Fonts da un server di Google negli Stati Uniti e il relativo trasferimento dei tuoi dati a Google. Si tratta del tuo indirizzo IP e di quali pagine hai visitato. L&#8217;utilizzo di Google Web Fonts si basa sull&#8217;Art. 6 comma. 1 lit. f GDPR. In qualit\u00e0 di gestore di questo sito web, abbiamo un interesse legittimo alla presentazione e alla trasmissione ottimale del nostro sito web.<\/p>\n<p>Google \u00e8 certificata per l&#8217;accordo sulla protezione dei dati tra Stati Uniti ed Europa &#8220;Privacy Shield&#8221;. Il presente accordo sulla protezione dei dati ha lo scopo di garantire il rispetto del livello di protezione dei dati applicabile nell&#8217;UE.<\/p>\n<p>I dettagli su Google Web Fonts sono disponibili all&#8217;indirizzo: <a href=\"https:\/\/www.google.com\/fonts#AboutPlace:about\">https:\/\/www.google.com\/fonts#AboutPlace:about<\/a> e ulteriori informazioni nell&#8217;informativa sulla privacy di Google: <a href=\"https:\/\/policies.google.com\/privacy\/partners?hl=de\">https:\/\/policies.google.com\/privacy\/partners?hl=de<\/a><\/p>\n<p>Fonte: Configuratore di protezione dei dati da <a href=\"http:\/\/www.mein-datenschutzbeauftragter.de\/\">mein-datenschutzbeauftragter.de<\/a><\/p>\n\t\t\t\t\t\t\t\t<\/div>\n\t\t\t\t<\/div>\n\t\t\t\t\t<\/div>\n\t\t\t\t<\/div>\n\t\t\t\t<\/div>\n\t\t","protected":false},"excerpt":{"rendered":"<p>Protezione dei dati Il responsabile del trattamento dei dati su questo sito web \u00e8 Adrian WerumVia A. Bacigalupi 919032 Lerici, [&hellip;]<\/p>\n","protected":false},"author":3,"featured_media":0,"parent":0,"menu_order":0,"comment_status":"closed","ping_status":"closed","template":"","meta":{"_uf_show_specific_survey":0,"_uf_disable_surveys":false,"site-sidebar-layout":"default","site-content-layout":"","ast-site-content-layout":"default","site-content-style":"default","site-sidebar-style":"default","ast-global-header-display":"","ast-banner-title-visibility":"","ast-main-header-display":"","ast-hfb-above-header-display":"","ast-hfb-below-header-display":"","ast-hfb-mobile-header-display":"","site-post-title":"","ast-breadcrumbs-content":"","ast-featured-img":"","footer-sml-layout":"","ast-disable-related-posts":"","theme-transparent-header-meta":"","adv-header-id-meta":"","stick-header-meta":"","header-above-stick-meta":"","header-main-stick-meta":"","header-below-stick-meta":"","astra-migrate-meta-layouts":"default","ast-page-background-enabled":"default","ast-page-background-meta":{"desktop":{"background-color":"var(--ast-global-color-4)","background-image":"","background-repeat":"repeat","background-position":"center center","background-size":"auto","background-attachment":"scroll","background-type":"","background-media":"","overlay-type":"","overlay-color":"","overlay-opacity":"","overlay-gradient":""},"tablet":{"background-color":"","background-image":"","background-repeat":"repeat","background-position":"center center","background-size":"auto","background-attachment":"scroll","background-type":"","background-media":"","overlay-type":"","overlay-color":"","overlay-opacity":"","overlay-gradient":""},"mobile":{"background-color":"","background-image":"","background-repeat":"repeat","background-position":"center center","background-size":"auto","background-attachment":"scroll","background-type":"","background-media":"","overlay-type":"","overlay-color":"","overlay-opacity":"","overlay-gradient":""}},"ast-content-background-meta":{"desktop":{"background-color":"var(--ast-global-color-5)","background-image":"","background-repeat":"repeat","background-position":"center center","background-size":"auto","background-attachment":"scroll","background-type":"","background-media":"","overlay-type":"","overlay-color":"","overlay-opacity":"","overlay-gradient":""},"tablet":{"background-color":"var(--ast-global-color-5)","background-image":"","background-repeat":"repeat","background-position":"center center","background-size":"auto","background-attachment":"scroll","background-type":"","background-media":"","overlay-type":"","overlay-color":"","overlay-opacity":"","overlay-gradient":""},"mobile":{"background-color":"var(--ast-global-color-5)","background-image":"","background-repeat":"repeat","background-position":"center center","background-size":"auto","background-attachment":"scroll","background-type":"","background-media":"","overlay-type":"","overlay-color":"","overlay-opacity":"","overlay-gradient":""}},"footnotes":""},"class_list":["post-3050","page","type-page","status-publish","hentry"],"yoast_head":"<!-- This site is optimized with the Yoast SEO plugin v27.4 - https:\/\/yoast.com\/product\/yoast-seo-wordpress\/ -->\n<title>Protezione dei dati - Adrian Werum - Composer, Conductor, Pianist<\/title>\n<meta name=\"robots\" content=\"index, follow, max-snippet:-1, max-image-preview:large, max-video-preview:-1\" \/>\n<link rel=\"canonical\" href=\"https:\/\/adrian-werum.com\/it\/protezione-dei-dati\/\" \/>\n<meta property=\"og:locale\" content=\"it_IT\" \/>\n<meta property=\"og:type\" content=\"article\" \/>\n<meta property=\"og:title\" content=\"Protezione dei dati - Adrian Werum - Composer, Conductor, Pianist\" \/>\n<meta property=\"og:description\" content=\"Protezione dei dati Il responsabile del trattamento dei dati su questo sito web \u00e8 Adrian WerumVia A. Bacigalupi 919032 Lerici, [&hellip;]\" \/>\n<meta property=\"og:url\" content=\"https:\/\/adrian-werum.com\/it\/protezione-dei-dati\/\" \/>\n<meta property=\"og:site_name\" content=\"Adrian Werum - Composer, Conductor, Pianist\" \/>\n<meta property=\"article:modified_time\" content=\"2024-05-25T14:35:35+00:00\" \/>\n<meta name=\"twitter:card\" content=\"summary_large_image\" \/>\n<meta name=\"twitter:label1\" content=\"Tempo di lettura stimato\" \/>\n\t<meta name=\"twitter:data1\" content=\"4 minuti\" \/>\n<script type=\"application\/ld+json\" class=\"yoast-schema-graph\">{\"@context\":\"https:\\\/\\\/schema.org\",\"@graph\":[{\"@type\":\"WebPage\",\"@id\":\"https:\\\/\\\/adrian-werum.com\\\/it\\\/protezione-dei-dati\\\/\",\"url\":\"https:\\\/\\\/adrian-werum.com\\\/it\\\/protezione-dei-dati\\\/\",\"name\":\"Protezione dei dati - Adrian Werum - Composer, Conductor, Pianist\",\"isPartOf\":{\"@id\":\"https:\\\/\\\/adrian-werum.com\\\/it\\\/#website\"},\"datePublished\":\"2024-04-09T11:44:01+00:00\",\"dateModified\":\"2024-05-25T14:35:35+00:00\",\"breadcrumb\":{\"@id\":\"https:\\\/\\\/adrian-werum.com\\\/it\\\/protezione-dei-dati\\\/#breadcrumb\"},\"inLanguage\":\"it-IT\",\"potentialAction\":[{\"@type\":\"ReadAction\",\"target\":[\"https:\\\/\\\/adrian-werum.com\\\/it\\\/protezione-dei-dati\\\/\"]}]},{\"@type\":\"BreadcrumbList\",\"@id\":\"https:\\\/\\\/adrian-werum.com\\\/it\\\/protezione-dei-dati\\\/#breadcrumb\",\"itemListElement\":[{\"@type\":\"ListItem\",\"position\":1,\"name\":\"Home\",\"item\":\"https:\\\/\\\/adrian-werum.com\\\/it\\\/\"},{\"@type\":\"ListItem\",\"position\":2,\"name\":\"Protezione dei dati\"}]},{\"@type\":\"WebSite\",\"@id\":\"https:\\\/\\\/adrian-werum.com\\\/it\\\/#website\",\"url\":\"https:\\\/\\\/adrian-werum.com\\\/it\\\/\",\"name\":\"Adrian Werum - Composer, Conductor, Pianist\",\"description\":\"Award-winning Composer &amp; Musical Director for Musical Theatre\",\"publisher\":{\"@id\":\"https:\\\/\\\/adrian-werum.com\\\/it\\\/#\\\/schema\\\/person\\\/484a170c749b5c90de03a53e37062fa8\"},\"potentialAction\":[{\"@type\":\"SearchAction\",\"target\":{\"@type\":\"EntryPoint\",\"urlTemplate\":\"https:\\\/\\\/adrian-werum.com\\\/it\\\/?s={search_term_string}\"},\"query-input\":{\"@type\":\"PropertyValueSpecification\",\"valueRequired\":true,\"valueName\":\"search_term_string\"}}],\"inLanguage\":\"it-IT\"},{\"@type\":[\"Person\",\"Organization\"],\"@id\":\"https:\\\/\\\/adrian-werum.com\\\/it\\\/#\\\/schema\\\/person\\\/484a170c749b5c90de03a53e37062fa8\",\"name\":\"Adrian Werum\",\"image\":{\"@type\":\"ImageObject\",\"inLanguage\":\"it-IT\",\"@id\":\"https:\\\/\\\/i0.wp.com\\\/adrian-werum.com\\\/wp-content\\\/uploads\\\/2023\\\/10\\\/Hannes_Vogel_im_Kreis-removebg-Adrian-Werum.png?fit=768%2C608&ssl=1\",\"url\":\"https:\\\/\\\/i0.wp.com\\\/adrian-werum.com\\\/wp-content\\\/uploads\\\/2023\\\/10\\\/Hannes_Vogel_im_Kreis-removebg-Adrian-Werum.png?fit=768%2C608&ssl=1\",\"contentUrl\":\"https:\\\/\\\/i0.wp.com\\\/adrian-werum.com\\\/wp-content\\\/uploads\\\/2023\\\/10\\\/Hannes_Vogel_im_Kreis-removebg-Adrian-Werum.png?fit=768%2C608&ssl=1\",\"width\":768,\"height\":608,\"caption\":\"Adrian Werum\"},\"logo\":{\"@id\":\"https:\\\/\\\/i0.wp.com\\\/adrian-werum.com\\\/wp-content\\\/uploads\\\/2023\\\/10\\\/Hannes_Vogel_im_Kreis-removebg-Adrian-Werum.png?fit=768%2C608&ssl=1\"}}]}<\/script>\n<!-- \/ Yoast SEO plugin. -->","yoast_head_json":{"title":"Protezione dei dati - Adrian Werum - Composer, Conductor, Pianist","robots":{"index":"index","follow":"follow","max-snippet":"max-snippet:-1","max-image-preview":"max-image-preview:large","max-video-preview":"max-video-preview:-1"},"canonical":"https:\/\/adrian-werum.com\/it\/protezione-dei-dati\/","og_locale":"it_IT","og_type":"article","og_title":"Protezione dei dati - Adrian Werum - Composer, Conductor, Pianist","og_description":"Protezione dei dati Il responsabile del trattamento dei dati su questo sito web \u00e8 Adrian WerumVia A. Bacigalupi 919032 Lerici, [&hellip;]","og_url":"https:\/\/adrian-werum.com\/it\/protezione-dei-dati\/","og_site_name":"Adrian Werum - Composer, Conductor, Pianist","article_modified_time":"2024-05-25T14:35:35+00:00","twitter_card":"summary_large_image","twitter_misc":{"Tempo di lettura stimato":"4 minuti"},"schema":{"@context":"https:\/\/schema.org","@graph":[{"@type":"WebPage","@id":"https:\/\/adrian-werum.com\/it\/protezione-dei-dati\/","url":"https:\/\/adrian-werum.com\/it\/protezione-dei-dati\/","name":"Protezione dei dati - Adrian Werum - Composer, Conductor, Pianist","isPartOf":{"@id":"https:\/\/adrian-werum.com\/it\/#website"},"datePublished":"2024-04-09T11:44:01+00:00","dateModified":"2024-05-25T14:35:35+00:00","breadcrumb":{"@id":"https:\/\/adrian-werum.com\/it\/protezione-dei-dati\/#breadcrumb"},"inLanguage":"it-IT","potentialAction":[{"@type":"ReadAction","target":["https:\/\/adrian-werum.com\/it\/protezione-dei-dati\/"]}]},{"@type":"BreadcrumbList","@id":"https:\/\/adrian-werum.com\/it\/protezione-dei-dati\/#breadcrumb","itemListElement":[{"@type":"ListItem","position":1,"name":"Home","item":"https:\/\/adrian-werum.com\/it\/"},{"@type":"ListItem","position":2,"name":"Protezione dei dati"}]},{"@type":"WebSite","@id":"https:\/\/adrian-werum.com\/it\/#website","url":"https:\/\/adrian-werum.com\/it\/","name":"Adrian Werum - Composer, Conductor, Pianist","description":"Award-winning Composer &amp; Musical Director for Musical Theatre","publisher":{"@id":"https:\/\/adrian-werum.com\/it\/#\/schema\/person\/484a170c749b5c90de03a53e37062fa8"},"potentialAction":[{"@type":"SearchAction","target":{"@type":"EntryPoint","urlTemplate":"https:\/\/adrian-werum.com\/it\/?s={search_term_string}"},"query-input":{"@type":"PropertyValueSpecification","valueRequired":true,"valueName":"search_term_string"}}],"inLanguage":"it-IT"},{"@type":["Person","Organization"],"@id":"https:\/\/adrian-werum.com\/it\/#\/schema\/person\/484a170c749b5c90de03a53e37062fa8","name":"Adrian Werum","image":{"@type":"ImageObject","inLanguage":"it-IT","@id":"https:\/\/i0.wp.com\/adrian-werum.com\/wp-content\/uploads\/2023\/10\/Hannes_Vogel_im_Kreis-removebg-Adrian-Werum.png?fit=768%2C608&ssl=1","url":"https:\/\/i0.wp.com\/adrian-werum.com\/wp-content\/uploads\/2023\/10\/Hannes_Vogel_im_Kreis-removebg-Adrian-Werum.png?fit=768%2C608&ssl=1","contentUrl":"https:\/\/i0.wp.com\/adrian-werum.com\/wp-content\/uploads\/2023\/10\/Hannes_Vogel_im_Kreis-removebg-Adrian-Werum.png?fit=768%2C608&ssl=1","width":768,"height":608,"caption":"Adrian Werum"},"logo":{"@id":"https:\/\/i0.wp.com\/adrian-werum.com\/wp-content\/uploads\/2023\/10\/Hannes_Vogel_im_Kreis-removebg-Adrian-Werum.png?fit=768%2C608&ssl=1"}}]}},"_links":{"self":[{"href":"https:\/\/adrian-werum.com\/it\/wp-json\/wp\/v2\/pages\/3050","targetHints":{"allow":["GET"]}}],"collection":[{"href":"https:\/\/adrian-werum.com\/it\/wp-json\/wp\/v2\/pages"}],"about":[{"href":"https:\/\/adrian-werum.com\/it\/wp-json\/wp\/v2\/types\/page"}],"author":[{"embeddable":true,"href":"https:\/\/adrian-werum.com\/it\/wp-json\/wp\/v2\/users\/3"}],"replies":[{"embeddable":true,"href":"https:\/\/adrian-werum.com\/it\/wp-json\/wp\/v2\/comments?post=3050"}],"version-history":[{"count":2,"href":"https:\/\/adrian-werum.com\/it\/wp-json\/wp\/v2\/pages\/3050\/revisions"}],"predecessor-version":[{"id":3056,"href":"https:\/\/adrian-werum.com\/it\/wp-json\/wp\/v2\/pages\/3050\/revisions\/3056"}],"wp:attachment":[{"href":"https:\/\/adrian-werum.com\/it\/wp-json\/wp\/v2\/media?parent=3050"}],"curies":[{"name":"wp","href":"https:\/\/api.w.org\/{rel}","templated":true}]}}