{"id":3006,"date":"2023-10-03T18:04:51","date_gmt":"2023-10-03T18:04:51","guid":{"rendered":"https:\/\/adrian-werum.com\/bio\/"},"modified":"2024-05-25T14:22:26","modified_gmt":"2024-05-25T14:22:26","slug":"bio","status":"publish","type":"page","link":"https:\/\/adrian-werum.com\/fr\/bio\/","title":{"rendered":"Bio"},"content":{"rendered":"\t\t<div data-elementor-type=\"wp-page\" data-elementor-id=\"3006\" class=\"elementor elementor-3006 elementor-1714\">\n\t\t\t\t<div class=\"elementor-element elementor-element-294965c e-con-full qodef-elementor-content-grid e-flex e-con e-parent\" data-id=\"294965c\" data-element_type=\"container\" data-e-type=\"container\" data-settings=\"{&quot;background_background&quot;:&quot;classic&quot;}\">\n\t\t<div class=\"elementor-element elementor-element-f11cc1c e-con-full e-flex qodef-elementor-content-no e-con e-child\" data-id=\"f11cc1c\" data-element_type=\"container\" data-e-type=\"container\">\n\t\t\t\t<div class=\"elementor-element elementor-element-70a32f5 elementor-widget elementor-widget-qi_addons_for_elementor_section_title\" data-id=\"70a32f5\" data-element_type=\"widget\" data-e-type=\"widget\" data-widget_type=\"qi_addons_for_elementor_section_title.default\">\n\t\t\t\t<div class=\"elementor-widget-container\">\n\t\t\t\t\t<div class=\"qodef-shortcode qodef-m qodef-qi-section-title qodef-decoration--italic qodef-link--underline-draw qodef-subtitle-icon--left\">\n\t\t\t\t\t\t<h1 class=\"qodef-m-title\">\n\t\tA PROPOS DE MOI\t<\/h1>\n\t\t\t<\/div>\n\t\t\t\t<\/div>\n\t\t\t\t<\/div>\n\t\t<div class=\"elementor-element elementor-element-b0a25e1 e-con-full e-flex qodef-elementor-content-no e-con e-child\" data-id=\"b0a25e1\" data-element_type=\"container\" data-e-type=\"container\">\n\t\t<div class=\"elementor-element elementor-element-17d1fed e-con-full e-flex qodef-elementor-content-no e-con e-child\" data-id=\"17d1fed\" data-element_type=\"container\" data-e-type=\"container\">\n\t\t\t\t<div class=\"elementor-element elementor-element-6420618 elementor-widget-tablet__width-inherit elementor-widget elementor-widget-qi_addons_for_elementor_section_title\" data-id=\"6420618\" data-element_type=\"widget\" data-e-type=\"widget\" data-widget_type=\"qi_addons_for_elementor_section_title.default\">\n\t\t\t\t<div class=\"elementor-widget-container\">\n\t\t\t\t\t<div class=\"qodef-shortcode qodef-m qodef-qi-section-title qodef-decoration--italic qodef-link--underline-draw qodef-subtitle-icon--left\">\n\t\t\t\t\t\t<h5 class=\"qodef-m-title\">\n\t\tBIOGRAPHIE\t<\/h5>\n\t\t\t<div class=\"qodef-m-text\"><p> <\/p><p>En 2010, Adrian Werum a fond\u00e9 l'\"Orchestre des cultures\" (\"World Symphony\") \u00e0 Stuttgart. Depuis, il travaille \u00e0 la fois comme compositeur et comme directeur musical et artistique. Il a \u00e9t\u00e9 le directeur musical de la premi\u00e8re repr\u00e9sentation de l'adaptation musicale de Roman Polanski \"La danse des vampires\" et a \u00e9galement donn\u00e9 la premi\u00e8re du spectacle \u00e0 Broadway. Son op\u00e9rette<\/p><p>\"Hollywood Diva\" a \u00e9t\u00e9 pr\u00e9sent\u00e9 devant un public combl\u00e9 \u00e0 St.<\/p><p>Petersburg fait salle comble depuis 2014 et a \u00e9t\u00e9 \u00e9lue meilleure nouvelle com\u00e9die musicale de Russie en 2016. Il est \"composer in residence\" \u00e0 la Park<\/p><p>Avenue Synagogue \u00e0 New York City. Ses productions CD avec le<\/p><p>t\u00e9nor Jay Alexander ont fait de lui en 2015, 2017 et 2019 le<\/p><p>En t\u00eate des classements allemands de musique classique. En 2016, il a produit une nouvelle com\u00e9die musicale consacr\u00e9e aux r\u00e9fugi\u00e9s du Moyen-Orient. Il \u00e9crit actuellement une adaptation pour le th\u00e9\u00e2tre musical de \"Narcisse et Goldmund\" de Hermann Hesse.<\/p><\/div>\n\t<\/div>\n\t\t\t\t<\/div>\n\t\t\t\t<\/div>\n\t\t\t\t<\/div>\n\t\t<div class=\"elementor-element elementor-element-6e5b203 e-con-full e-flex qodef-elementor-content-no e-con e-child\" data-id=\"6e5b203\" data-element_type=\"container\" data-e-type=\"container\">\n\t\t\t\t<div class=\"elementor-element elementor-element-05b0521 elementor-widget-tablet__width-inherit elementor-widget elementor-widget-qi_addons_for_elementor_section_title\" data-id=\"05b0521\" data-element_type=\"widget\" data-e-type=\"widget\" data-widget_type=\"qi_addons_for_elementor_section_title.default\">\n\t\t\t\t<div class=\"elementor-widget-container\">\n\t\t\t\t\t<div class=\"qodef-shortcode qodef-m qodef-qi-section-title qodef-decoration--italic qodef-link--underline-draw qodef-subtitle-icon--left\">\n\t\t\t\t\t\t<h5 class=\"qodef-m-title\">\n\t\tTV - Th\u00e9\u00e2tre - LIVE\t<\/h5>\n\t\t\t<div class=\"qodef-m-text\"><p> <\/p><p>2024 Directeur musical &amp; arrangeur \"China-Girl<\/p><p>2019-2020 Superviseur musical &amp; orchestrateur, com\u00e9die musicale \"Wallace\" Duisburg Theater am Marientor, Allemagne<\/p><p>2016-2019 Professeur d'arrangement et d'orchestration \u00e0 la Deutsche Popakademie, Stuttgart<\/p><p>2018 Direction musicale \"Unholy - Sous la vapeur, sans \u00e9lectricit\u00e9\" MTV Unplugged Hambourg, Allemagne<\/p><p>2017 Superviseur musical \"Le Comte de Monte Cristo\" \" (compositeur : Frank Wildhorn) \u00e0 l'Op\u00e9ra de Saint-P\u00e9tersbourg, Russie<\/p><p>2016-2017 Compositeur &amp; superviseur musical de la com\u00e9die musicale scolaire \"Rocko and the Heart of Stone\" Grundschule Kreutzerfeld Rottenburg am Neckar, Allemagne<\/p><p>2016-2017 Compositeur de com\u00e9die musicale rock-pop \"B\u00fchne der Tr\u00e4ume\" Sindelfingen, Allemagne<\/p><p>2017-2018 Compositeur &amp; directeur musical, Stadtsinfonie, Bad Urach, Allemagne<\/p><p>2015-2016 Compositeur &amp; directeur musical \"Symphonie de notre vie\" St\u00e4dtisches Musical, Sindelfingen, Allemagne<\/p><p>2014-2017 Compositeur &amp; parolier &amp; directeur musical \"Hollywood Diva\" Th\u00e9\u00e2tre d'op\u00e9rette de Saint-P\u00e9tersbourg, Russie<\/p><p>2013-2014 Compositeur &amp; direction musicale \"Siren unseres Landes\" com\u00e9die musicale urbaine Sindelfingen, Allemagne<\/p><p>2012-2013 Direction musicale de \"Ich war noch niemals in New York\" Theater 11 Zurich, Suisse<\/p><p>2011 Direction musicale de \"D\u00e4llebach Kari\" Theater 11 Zurich, Suisse<\/p><p>2010-2011 Direction musicale \"Les larmes du ciel\" (compositeur : Frank Wildhorn) S\u00e9oul, Cor\u00e9e<\/p><p>2010- AUJOURD'HUI Compositeur &amp; Directeur artistique \"Orchestre des Cultures \/ World Symphony\" Stuttgart <a href=\"https:\/\/worldsymphony.org\">www.worldsymphony.org<\/a><\/p><p>2008 Superviseur musical \"Carmen\" (compositeur : Frank Wildhorn) Th\u00e9\u00e2tre Karlin Prague, R\u00e9publique tch\u00e8que<\/p><p>2007-2008 Direction musicale &amp; orchestration \"Musical Showstar\" ZDF Deutsches Fernsehen, Cologne, Allemagne<\/p><p>2005-2007 Direction musicale de \"Mamma Mia\" Palladium Theater Stuttgart, Allemagne<\/p><p>2005-2010 Directeur musical &amp; pianiste \"Marshall&amp;Alexander\" en tourn\u00e9e en Allemagne &amp; en Autriche<\/p><p>2003-2004 Direction musicale de \"42nd Street\" Apollo Theater Stuttgart, Allemagne<\/p><p>2000-2003 Directeur musical &amp; orchestrateur, \"La Danse des Vampires\" de Roman Polanski Apollo Theater Stuttgart, Allemagne<\/p><p>2002-2003 Directeur musical adjoint \"La Danse des Vampires\" \u00e0 Broadway avec Michael Crawford Minskoff Theatre, New York, NY, USA<\/p><p>1997-2000 Directeur musical &amp; orchestrateur de \"La Danse des Vampires\" de Roman Polanski Raimundtheater Vienne, Autriche<\/p><p>1995-1997 Assistant chef d'orchestre de Disney \"La Belle et la B\u00eate\" Raimundtheater Vienne<\/p><p>1994-1995 Assistant chef d'orchestre \"Grease\" Raimund Wien, Autriche<\/p><p>1992 ORF Show avec Wencke Myrhe, pianiste et orchestratrice<\/p><p>1991-1994 Professeur d'interpr\u00e9tation musicale et r\u00e9p\u00e9titrice soliste au Tanz- und Gesangsstudio Theater an der Wien, Vienne, Autriche<\/p><\/div>\n\t<\/div>\n\t\t\t\t<\/div>\n\t\t\t\t<\/div>\n\t\t\t\t<\/div>\n\t\t<div class=\"elementor-element elementor-element-a2c8e99 e-con-full e-flex qodef-elementor-content-no e-con e-child\" data-id=\"a2c8e99\" data-element_type=\"container\" data-e-type=\"container\">\n\t\t\t\t<div class=\"elementor-element elementor-element-73324ba elementor-widget-tablet__width-inherit elementor-widget elementor-widget-qi_addons_for_elementor_section_title\" data-id=\"73324ba\" data-element_type=\"widget\" data-e-type=\"widget\" data-widget_type=\"qi_addons_for_elementor_section_title.default\">\n\t\t\t\t<div class=\"elementor-widget-container\">\n\t\t\t\t\t<div class=\"qodef-shortcode qodef-m qodef-qi-section-title qodef-decoration--italic qodef-link--underline-draw qodef-subtitle-icon--left\">\n\t\t\t\t\t\t<h5 class=\"qodef-m-title\">\n\t\tStudio - Albums\t<\/h5>\n\t\t\t<div class=\"qodef-m-text\"><p> <\/p><p>2023 CD \"Deutsches Kunstlied\" Arrangeur &amp; directeur musical, World Symphony<\/p><p>2022 CD \"Impromptus\" piano solo Pianiste et compositeur<\/p><p>2021 EP \"Adrian Werum et les Fusiliers de Jazz\" Arrangeur et pianiste<\/p><p>2021 CD \"A World Symphony\" World Symphony, compositeur et directeur musical, Universal Music MENA<\/p><p>2019 CD \"Tour S\u00fcdwest\" World Symphony, chef d'orchestre et arrangeur<\/p><p>2019 CD \"Du meine Seele singe\" avec Jay Alexander, Top Ten des charts allemands de musique classique, World Symphony<\/p><p>2018 EP &amp; vid\u00e9o \"Nous sommes l'Europe<\/p><p>2018 CD \"A Star is rising\" avec Jay Alexander, World Symphony, Top Ten des charts allemands de musique classique,<\/p><p>2018 CD \"Ti Amo\" World Symphony Chef d'orchestre &amp; Arrangeur.<\/p><p>2017 CD \"Rocko et le c\u0153ur de pierre\" Compositeur et directeur musical<\/p><p>2016 CD \"The world is beautiful\" avec Jay Alexander, World Symphony, num\u00e9ro 1 des charts allemands de musique classique, enregistr\u00e9 \u00e0 la SWR Stuttgart<\/p><p>2016 CD \"The Crescent Moon illuminates the World\" avec Rhimoy Music Beijing, World Symphony, enregistr\u00e9 aux Bauer Studios Ludwigsburg<\/p><p>2015 CD \"Tales of Indonesia\" Pianiste &amp; chef d'orchestre<\/p><p>2012 CD \"Musique romantique juive\" Park Avenue Synagogue New York, chef d'orchestre &amp; arrangeur<\/p><p>2011 CD \"The Trio Album\" piano &amp; composition<\/p><p>2009 CD \"Home\" avec Jay Alexander, chef d'orchestre<\/p><p>2008 MUSIQUE DE FILM \"Mains en l'air au Mississippi\" Chef d'orchestre<\/p><p>2002 CD \"Musical Highlights\" Stella Entertainment, chef d'orchestre, arrangeur, producteur, produit dans les studios Bauer de Ludwigsburg<\/p><p>1992 Jingle \u00d63<\/p><\/div>\n\t<\/div>\n\t\t\t\t<\/div>\n\t\t\t\t<\/div>\n\t\t\t\t<\/div>\n\t\t\t\t<\/div>\n\t\t\t\t<\/div>\n\t\t\t\t<\/div>\n\t\t\t\t<\/div>\n\t\t","protected":false},"excerpt":{"rendered":"<p>A PROPOS DE MOI BIOGRAPHIE En 2010, Adrian Werum a fond\u00e9 l&rsquo;\u00a0\u00bbOrchestre des cultures\u00a0\u00bb (\u00ab\u00a0World Symphony\u00a0\u00bb) \u00e0 Stuttgart. Depuis, il [&hellip;]<\/p>\n","protected":false},"author":2,"featured_media":0,"parent":0,"menu_order":0,"comment_status":"closed","ping_status":"closed","template":"","meta":{"_uf_show_specific_survey":0,"_uf_disable_surveys":false,"site-sidebar-layout":"default","site-content-layout":"","ast-site-content-layout":"default","site-content-style":"default","site-sidebar-style":"default","ast-global-header-display":"","ast-banner-title-visibility":"","ast-main-header-display":"","ast-hfb-above-header-display":"","ast-hfb-below-header-display":"","ast-hfb-mobile-header-display":"","site-post-title":"","ast-breadcrumbs-content":"","ast-featured-img":"","footer-sml-layout":"","ast-disable-related-posts":"","theme-transparent-header-meta":"","adv-header-id-meta":"","stick-header-meta":"","header-above-stick-meta":"","header-main-stick-meta":"","header-below-stick-meta":"","astra-migrate-meta-layouts":"default","ast-page-background-enabled":"default","ast-page-background-meta":{"desktop":{"background-color":"var(--ast-global-color-4)","background-image":"","background-repeat":"repeat","background-position":"center center","background-size":"auto","background-attachment":"scroll","background-type":"","background-media":"","overlay-type":"","overlay-color":"","overlay-opacity":"","overlay-gradient":""},"tablet":{"background-color":"","background-image":"","background-repeat":"repeat","background-position":"center center","background-size":"auto","background-attachment":"scroll","background-type":"","background-media":"","overlay-type":"","overlay-color":"","overlay-opacity":"","overlay-gradient":""},"mobile":{"background-color":"","background-image":"","background-repeat":"repeat","background-position":"center center","background-size":"auto","background-attachment":"scroll","background-type":"","background-media":"","overlay-type":"","overlay-color":"","overlay-opacity":"","overlay-gradient":""}},"ast-content-background-meta":{"desktop":{"background-color":"var(--ast-global-color-5)","background-image":"","background-repeat":"repeat","background-position":"center center","background-size":"auto","background-attachment":"scroll","background-type":"","background-media":"","overlay-type":"","overlay-color":"","overlay-opacity":"","overlay-gradient":""},"tablet":{"background-color":"var(--ast-global-color-5)","background-image":"","background-repeat":"repeat","background-position":"center center","background-size":"auto","background-attachment":"scroll","background-type":"","background-media":"","overlay-type":"","overlay-color":"","overlay-opacity":"","overlay-gradient":""},"mobile":{"background-color":"var(--ast-global-color-5)","background-image":"","background-repeat":"repeat","background-position":"center center","background-size":"auto","background-attachment":"scroll","background-type":"","background-media":"","overlay-type":"","overlay-color":"","overlay-opacity":"","overlay-gradient":""}},"footnotes":""},"class_list":["post-3006","page","type-page","status-publish","hentry"],"yoast_head":"<!-- This site is optimized with the Yoast SEO plugin v27.4 - https:\/\/yoast.com\/product\/yoast-seo-wordpress\/ -->\n<title>Bio - Adrian Werum - Composer, Conductor, Pianist<\/title>\n<meta name=\"robots\" content=\"index, follow, max-snippet:-1, max-image-preview:large, max-video-preview:-1\" \/>\n<link rel=\"canonical\" href=\"https:\/\/adrian-werum.com\/fr\/bio\/\" \/>\n<meta property=\"og:locale\" content=\"fr_FR\" \/>\n<meta property=\"og:type\" content=\"article\" \/>\n<meta property=\"og:title\" content=\"Bio - Adrian Werum - Composer, Conductor, Pianist\" \/>\n<meta property=\"og:description\" content=\"A PROPOS DE MOI BIOGRAPHIE En 2010, Adrian Werum a fond\u00e9 l&#039;\u00a0\u00bbOrchestre des cultures\u00a0\u00bb (\u00ab\u00a0World Symphony\u00a0\u00bb) \u00e0 Stuttgart. Depuis, il [&hellip;]\" \/>\n<meta property=\"og:url\" content=\"https:\/\/adrian-werum.com\/fr\/bio\/\" \/>\n<meta property=\"og:site_name\" content=\"Adrian Werum - Composer, Conductor, Pianist\" \/>\n<meta property=\"article:modified_time\" content=\"2024-05-25T14:22:26+00:00\" \/>\n<meta name=\"twitter:card\" content=\"summary_large_image\" \/>\n<meta name=\"twitter:label1\" content=\"Dur\u00e9e de lecture estim\u00e9e\" \/>\n\t<meta name=\"twitter:data1\" content=\"4 minutes\" \/>\n<script type=\"application\/ld+json\" class=\"yoast-schema-graph\">{\"@context\":\"https:\\\/\\\/schema.org\",\"@graph\":[{\"@type\":\"WebPage\",\"@id\":\"https:\\\/\\\/adrian-werum.com\\\/fr\\\/bio\\\/\",\"url\":\"https:\\\/\\\/adrian-werum.com\\\/fr\\\/bio\\\/\",\"name\":\"Bio - Adrian Werum - Composer, Conductor, Pianist\",\"isPartOf\":{\"@id\":\"https:\\\/\\\/adrian-werum.com\\\/fr\\\/#website\"},\"datePublished\":\"2023-10-03T18:04:51+00:00\",\"dateModified\":\"2024-05-25T14:22:26+00:00\",\"breadcrumb\":{\"@id\":\"https:\\\/\\\/adrian-werum.com\\\/fr\\\/bio\\\/#breadcrumb\"},\"inLanguage\":\"fr-FR\",\"potentialAction\":[{\"@type\":\"ReadAction\",\"target\":[\"https:\\\/\\\/adrian-werum.com\\\/fr\\\/bio\\\/\"]}]},{\"@type\":\"BreadcrumbList\",\"@id\":\"https:\\\/\\\/adrian-werum.com\\\/fr\\\/bio\\\/#breadcrumb\",\"itemListElement\":[{\"@type\":\"ListItem\",\"position\":1,\"name\":\"Home\",\"item\":\"https:\\\/\\\/adrian-werum.com\\\/fr\\\/\"},{\"@type\":\"ListItem\",\"position\":2,\"name\":\"Bio\"}]},{\"@type\":\"WebSite\",\"@id\":\"https:\\\/\\\/adrian-werum.com\\\/fr\\\/#website\",\"url\":\"https:\\\/\\\/adrian-werum.com\\\/fr\\\/\",\"name\":\"Adrian Werum - Composer, Conductor, Pianist\",\"description\":\"Award-winning Composer &amp; Musical Director for Musical Theatre\",\"publisher\":{\"@id\":\"https:\\\/\\\/adrian-werum.com\\\/fr\\\/#\\\/schema\\\/person\\\/484a170c749b5c90de03a53e37062fa8\"},\"potentialAction\":[{\"@type\":\"SearchAction\",\"target\":{\"@type\":\"EntryPoint\",\"urlTemplate\":\"https:\\\/\\\/adrian-werum.com\\\/fr\\\/?s={search_term_string}\"},\"query-input\":{\"@type\":\"PropertyValueSpecification\",\"valueRequired\":true,\"valueName\":\"search_term_string\"}}],\"inLanguage\":\"fr-FR\"},{\"@type\":[\"Person\",\"Organization\"],\"@id\":\"https:\\\/\\\/adrian-werum.com\\\/fr\\\/#\\\/schema\\\/person\\\/484a170c749b5c90de03a53e37062fa8\",\"name\":\"Adrian Werum\",\"image\":{\"@type\":\"ImageObject\",\"inLanguage\":\"fr-FR\",\"@id\":\"https:\\\/\\\/i0.wp.com\\\/adrian-werum.com\\\/wp-content\\\/uploads\\\/2023\\\/10\\\/Hannes_Vogel_im_Kreis-removebg-Adrian-Werum.png?fit=768%2C608&ssl=1\",\"url\":\"https:\\\/\\\/i0.wp.com\\\/adrian-werum.com\\\/wp-content\\\/uploads\\\/2023\\\/10\\\/Hannes_Vogel_im_Kreis-removebg-Adrian-Werum.png?fit=768%2C608&ssl=1\",\"contentUrl\":\"https:\\\/\\\/i0.wp.com\\\/adrian-werum.com\\\/wp-content\\\/uploads\\\/2023\\\/10\\\/Hannes_Vogel_im_Kreis-removebg-Adrian-Werum.png?fit=768%2C608&ssl=1\",\"width\":768,\"height\":608,\"caption\":\"Adrian Werum\"},\"logo\":{\"@id\":\"https:\\\/\\\/i0.wp.com\\\/adrian-werum.com\\\/wp-content\\\/uploads\\\/2023\\\/10\\\/Hannes_Vogel_im_Kreis-removebg-Adrian-Werum.png?fit=768%2C608&ssl=1\"}}]}<\/script>\n<!-- \/ Yoast SEO plugin. -->","yoast_head_json":{"title":"Bio - Adrian Werum - Composer, Conductor, Pianist","robots":{"index":"index","follow":"follow","max-snippet":"max-snippet:-1","max-image-preview":"max-image-preview:large","max-video-preview":"max-video-preview:-1"},"canonical":"https:\/\/adrian-werum.com\/fr\/bio\/","og_locale":"fr_FR","og_type":"article","og_title":"Bio - Adrian Werum - Composer, Conductor, Pianist","og_description":"A PROPOS DE MOI BIOGRAPHIE En 2010, Adrian Werum a fond\u00e9 l'\u00a0\u00bbOrchestre des cultures\u00a0\u00bb (\u00ab\u00a0World Symphony\u00a0\u00bb) \u00e0 Stuttgart. Depuis, il [&hellip;]","og_url":"https:\/\/adrian-werum.com\/fr\/bio\/","og_site_name":"Adrian Werum - Composer, Conductor, Pianist","article_modified_time":"2024-05-25T14:22:26+00:00","twitter_card":"summary_large_image","twitter_misc":{"Dur\u00e9e de lecture estim\u00e9e":"4 minutes"},"schema":{"@context":"https:\/\/schema.org","@graph":[{"@type":"WebPage","@id":"https:\/\/adrian-werum.com\/fr\/bio\/","url":"https:\/\/adrian-werum.com\/fr\/bio\/","name":"Bio - Adrian Werum - Composer, Conductor, Pianist","isPartOf":{"@id":"https:\/\/adrian-werum.com\/fr\/#website"},"datePublished":"2023-10-03T18:04:51+00:00","dateModified":"2024-05-25T14:22:26+00:00","breadcrumb":{"@id":"https:\/\/adrian-werum.com\/fr\/bio\/#breadcrumb"},"inLanguage":"fr-FR","potentialAction":[{"@type":"ReadAction","target":["https:\/\/adrian-werum.com\/fr\/bio\/"]}]},{"@type":"BreadcrumbList","@id":"https:\/\/adrian-werum.com\/fr\/bio\/#breadcrumb","itemListElement":[{"@type":"ListItem","position":1,"name":"Home","item":"https:\/\/adrian-werum.com\/fr\/"},{"@type":"ListItem","position":2,"name":"Bio"}]},{"@type":"WebSite","@id":"https:\/\/adrian-werum.com\/fr\/#website","url":"https:\/\/adrian-werum.com\/fr\/","name":"Adrian Werum - Composer, Conductor, Pianist","description":"Award-winning Composer &amp; Musical Director for Musical Theatre","publisher":{"@id":"https:\/\/adrian-werum.com\/fr\/#\/schema\/person\/484a170c749b5c90de03a53e37062fa8"},"potentialAction":[{"@type":"SearchAction","target":{"@type":"EntryPoint","urlTemplate":"https:\/\/adrian-werum.com\/fr\/?s={search_term_string}"},"query-input":{"@type":"PropertyValueSpecification","valueRequired":true,"valueName":"search_term_string"}}],"inLanguage":"fr-FR"},{"@type":["Person","Organization"],"@id":"https:\/\/adrian-werum.com\/fr\/#\/schema\/person\/484a170c749b5c90de03a53e37062fa8","name":"Adrian Werum","image":{"@type":"ImageObject","inLanguage":"fr-FR","@id":"https:\/\/i0.wp.com\/adrian-werum.com\/wp-content\/uploads\/2023\/10\/Hannes_Vogel_im_Kreis-removebg-Adrian-Werum.png?fit=768%2C608&ssl=1","url":"https:\/\/i0.wp.com\/adrian-werum.com\/wp-content\/uploads\/2023\/10\/Hannes_Vogel_im_Kreis-removebg-Adrian-Werum.png?fit=768%2C608&ssl=1","contentUrl":"https:\/\/i0.wp.com\/adrian-werum.com\/wp-content\/uploads\/2023\/10\/Hannes_Vogel_im_Kreis-removebg-Adrian-Werum.png?fit=768%2C608&ssl=1","width":768,"height":608,"caption":"Adrian Werum"},"logo":{"@id":"https:\/\/i0.wp.com\/adrian-werum.com\/wp-content\/uploads\/2023\/10\/Hannes_Vogel_im_Kreis-removebg-Adrian-Werum.png?fit=768%2C608&ssl=1"}}]}},"_links":{"self":[{"href":"https:\/\/adrian-werum.com\/fr\/wp-json\/wp\/v2\/pages\/3006","targetHints":{"allow":["GET"]}}],"collection":[{"href":"https:\/\/adrian-werum.com\/fr\/wp-json\/wp\/v2\/pages"}],"about":[{"href":"https:\/\/adrian-werum.com\/fr\/wp-json\/wp\/v2\/types\/page"}],"author":[{"embeddable":true,"href":"https:\/\/adrian-werum.com\/fr\/wp-json\/wp\/v2\/users\/2"}],"replies":[{"embeddable":true,"href":"https:\/\/adrian-werum.com\/fr\/wp-json\/wp\/v2\/comments?post=3006"}],"version-history":[{"count":1,"href":"https:\/\/adrian-werum.com\/fr\/wp-json\/wp\/v2\/pages\/3006\/revisions"}],"predecessor-version":[{"id":3009,"href":"https:\/\/adrian-werum.com\/fr\/wp-json\/wp\/v2\/pages\/3006\/revisions\/3009"}],"wp:attachment":[{"href":"https:\/\/adrian-werum.com\/fr\/wp-json\/wp\/v2\/media?parent=3006"}],"curies":[{"name":"wp","href":"https:\/\/api.w.org\/{rel}","templated":true}]}}