{"id":2908,"date":"2023-10-03T17:32:18","date_gmt":"2023-10-03T17:32:18","guid":{"rendered":"https:\/\/adrian-werum.com\/theatre\/"},"modified":"2024-05-25T14:21:07","modified_gmt":"2024-05-25T14:21:07","slug":"theatre","status":"publish","type":"page","link":"https:\/\/adrian-werum.com\/fr\/theatre\/","title":{"rendered":"Th\u00e9\u00e2tre"},"content":{"rendered":"\t\t<div data-elementor-type=\"wp-page\" data-elementor-id=\"2908\" class=\"elementor elementor-2908 elementor-1664\">\n\t\t\t\t<div class=\"elementor-element elementor-element-59c2ea3 e-con-full qodef-elementor-content-grid e-flex e-con e-parent\" data-id=\"59c2ea3\" data-element_type=\"container\" data-settings=\"{&quot;background_background&quot;:&quot;classic&quot;}\">\n\t\t<div class=\"elementor-element elementor-element-6f74168 e-con-full e-flex qodef-elementor-content-no e-con e-child\" data-id=\"6f74168\" data-element_type=\"container\">\n\t\t\t\t<div class=\"elementor-element elementor-element-ac47c13 elementor-widget elementor-widget-qi_addons_for_elementor_section_title\" data-id=\"ac47c13\" data-element_type=\"widget\" data-widget_type=\"qi_addons_for_elementor_section_title.default\">\n\t\t\t\t<div class=\"elementor-widget-container\">\n\t\t\t\t\t<div class=\"qodef-shortcode qodef-m qodef-qi-section-title qodef-decoration--italic qodef-link--underline-draw qodef-subtitle-icon--left\">\n\t\t\t\t\t\t<h1 class=\"qodef-m-title\">\n\t\tTh\u00e9\u00e2tre\t<\/h1>\n\t\t\t<\/div>\n\t\t\t\t<\/div>\n\t\t\t\t<\/div>\n\t\t\t\t<\/div>\n\t\t\t\t<\/div>\n\t\t<div class=\"elementor-element elementor-element-c74ad7f e-flex e-con-boxed qodef-elementor-content-no e-con e-parent\" data-id=\"c74ad7f\" data-element_type=\"container\" data-settings=\"{&quot;background_background&quot;:&quot;classic&quot;}\">\n\t\t\t\t\t<div class=\"e-con-inner\">\n\t\t<div class=\"elementor-element elementor-element-63aacdf e-con-full e-flex qodef-elementor-content-no e-con e-child\" data-id=\"63aacdf\" data-element_type=\"container\">\n\t\t\t\t<div class=\"elementor-element elementor-element-b05208f elementor-widget elementor-widget-video\" data-id=\"b05208f\" data-element_type=\"widget\" data-settings=\"{&quot;youtube_url&quot;:&quot;https:\\\/\\\/www.youtube.com\\\/watch?v=ofnedYAHbJg&quot;,&quot;video_type&quot;:&quot;youtube&quot;,&quot;controls&quot;:&quot;yes&quot;}\" data-widget_type=\"video.default\">\n\t\t\t\t<div class=\"elementor-widget-container\">\n\t\t\t\t\t\t\t<div class=\"elementor-wrapper elementor-open-inline\">\n\t\t\t<div class=\"elementor-video\"><\/div>\t\t<\/div>\n\t\t\t\t\t\t<\/div>\n\t\t\t\t<\/div>\n\t\t\t\t<\/div>\n\t\t<div class=\"elementor-element elementor-element-5c1487f e-con-full e-flex qodef-elementor-content-no e-con e-child\" data-id=\"5c1487f\" data-element_type=\"container\">\n\t\t\t\t<div class=\"elementor-element elementor-element-d54f8fe elementor-widget elementor-widget-video\" data-id=\"d54f8fe\" data-element_type=\"widget\" data-settings=\"{&quot;youtube_url&quot;:&quot;https:\\\/\\\/www.youtube.com\\\/watch?v=68SOVIlhlqA&quot;,&quot;video_type&quot;:&quot;youtube&quot;,&quot;controls&quot;:&quot;yes&quot;}\" data-widget_type=\"video.default\">\n\t\t\t\t<div class=\"elementor-widget-container\">\n\t\t\t\t\t\t\t<div class=\"elementor-wrapper elementor-open-inline\">\n\t\t\t<div class=\"elementor-video\"><\/div>\t\t<\/div>\n\t\t\t\t\t\t<\/div>\n\t\t\t\t<\/div>\n\t\t\t\t<\/div>\n\t\t<div class=\"elementor-element elementor-element-4dbee8e e-con-full e-flex qodef-elementor-content-no e-con e-child\" data-id=\"4dbee8e\" data-element_type=\"container\">\n\t\t\t\t<div class=\"elementor-element elementor-element-82cc8a9 elementor-widget elementor-widget-video\" data-id=\"82cc8a9\" data-element_type=\"widget\" data-settings=\"{&quot;youtube_url&quot;:&quot;https:\\\/\\\/www.youtube.com\\\/watch?v=OBMHCcCnDcE&quot;,&quot;video_type&quot;:&quot;youtube&quot;,&quot;controls&quot;:&quot;yes&quot;}\" data-widget_type=\"video.default\">\n\t\t\t\t<div class=\"elementor-widget-container\">\n\t\t\t\t\t\t\t<div class=\"elementor-wrapper elementor-open-inline\">\n\t\t\t<div class=\"elementor-video\"><\/div>\t\t<\/div>\n\t\t\t\t\t\t<\/div>\n\t\t\t\t<\/div>\n\t\t\t\t<\/div>\n\t\t\t\t\t<\/div>\n\t\t\t\t<\/div>\n\t\t\t\t<\/div>\n\t\t","protected":false},"excerpt":{"rendered":"<p>Th\u00e9\u00e2tre https:\/\/www.youtube.com\/watch?v=ofnedYAHbJghttps:\/\/www.youtube.com\/watch?v=68SOVIlhlqAhttps:\/\/www.youtube.com\/watch?v=OBMHCcCnDcE<\/p>\n","protected":false},"author":2,"featured_media":0,"parent":0,"menu_order":0,"comment_status":"closed","ping_status":"closed","template":"","meta":{"_uf_show_specific_survey":0,"_uf_disable_surveys":false,"site-sidebar-layout":"default","site-content-layout":"","ast-site-content-layout":"","site-content-style":"default","site-sidebar-style":"default","ast-global-header-display":"","ast-banner-title-visibility":"","ast-main-header-display":"","ast-hfb-above-header-display":"","ast-hfb-below-header-display":"","ast-hfb-mobile-header-display":"","site-post-title":"","ast-breadcrumbs-content":"","ast-featured-img":"","footer-sml-layout":"","theme-transparent-header-meta":"","adv-header-id-meta":"","stick-header-meta":"","header-above-stick-meta":"","header-main-stick-meta":"","header-below-stick-meta":"","astra-migrate-meta-layouts":"default","ast-page-background-enabled":"default","ast-page-background-meta":{"desktop":{"background-color":"var(--ast-global-color-4)","background-image":"","background-repeat":"repeat","background-position":"center center","background-size":"auto","background-attachment":"scroll","background-type":"","background-media":"","overlay-type":"","overlay-color":"","overlay-opacity":"","overlay-gradient":""},"tablet":{"background-color":"","background-image":"","background-repeat":"repeat","background-position":"center center","background-size":"auto","background-attachment":"scroll","background-type":"","background-media":"","overlay-type":"","overlay-color":"","overlay-opacity":"","overlay-gradient":""},"mobile":{"background-color":"","background-image":"","background-repeat":"repeat","background-position":"center center","background-size":"auto","background-attachment":"scroll","background-type":"","background-media":"","overlay-type":"","overlay-color":"","overlay-opacity":"","overlay-gradient":""}},"ast-content-background-meta":{"desktop":{"background-color":"var(--ast-global-color-5)","background-image":"","background-repeat":"repeat","background-position":"center center","background-size":"auto","background-attachment":"scroll","background-type":"","background-media":"","overlay-type":"","overlay-color":"","overlay-opacity":"","overlay-gradient":""},"tablet":{"background-color":"var(--ast-global-color-5)","background-image":"","background-repeat":"repeat","background-position":"center center","background-size":"auto","background-attachment":"scroll","background-type":"","background-media":"","overlay-type":"","overlay-color":"","overlay-opacity":"","overlay-gradient":""},"mobile":{"background-color":"var(--ast-global-color-5)","background-image":"","background-repeat":"repeat","background-position":"center center","background-size":"auto","background-attachment":"scroll","background-type":"","background-media":"","overlay-type":"","overlay-color":"","overlay-opacity":"","overlay-gradient":""}},"footnotes":""},"class_list":["post-2908","page","type-page","status-publish","hentry"],"yoast_head":"<!-- This site is optimized with the Yoast SEO plugin v24.9 - https:\/\/yoast.com\/wordpress\/plugins\/seo\/ -->\n<title>Th\u00e9\u00e2tre - Adrian Werum - Composer, Conductor, Pianist<\/title>\n<meta name=\"robots\" content=\"index, follow, max-snippet:-1, max-image-preview:large, max-video-preview:-1\" \/>\n<link rel=\"canonical\" href=\"https:\/\/adrian-werum.com\/fr\/theatre\/\" \/>\n<meta property=\"og:locale\" content=\"fr_FR\" \/>\n<meta property=\"og:type\" content=\"article\" \/>\n<meta property=\"og:title\" content=\"Th\u00e9\u00e2tre - Adrian Werum - Composer, Conductor, Pianist\" \/>\n<meta property=\"og:description\" content=\"Th\u00e9\u00e2tre https:\/\/www.youtube.com\/watch?v=ofnedYAHbJghttps:\/\/www.youtube.com\/watch?v=68SOVIlhlqAhttps:\/\/www.youtube.com\/watch?v=OBMHCcCnDcE\" \/>\n<meta property=\"og:url\" content=\"https:\/\/adrian-werum.com\/fr\/theatre\/\" \/>\n<meta property=\"og:site_name\" content=\"Adrian Werum - Composer, Conductor, Pianist\" \/>\n<meta property=\"article:modified_time\" content=\"2024-05-25T14:21:07+00:00\" \/>\n<meta name=\"twitter:card\" content=\"summary_large_image\" \/>\n<script type=\"application\/ld+json\" class=\"yoast-schema-graph\">{\"@context\":\"https:\/\/schema.org\",\"@graph\":[{\"@type\":\"WebPage\",\"@id\":\"https:\/\/adrian-werum.com\/fr\/theatre\/\",\"url\":\"https:\/\/adrian-werum.com\/fr\/theatre\/\",\"name\":\"Th\u00e9\u00e2tre - Adrian Werum - Composer, Conductor, Pianist\",\"isPartOf\":{\"@id\":\"https:\/\/adrian-werum.com\/fr\/#website\"},\"datePublished\":\"2023-10-03T17:32:18+00:00\",\"dateModified\":\"2024-05-25T14:21:07+00:00\",\"breadcrumb\":{\"@id\":\"https:\/\/adrian-werum.com\/fr\/theatre\/#breadcrumb\"},\"inLanguage\":\"fr-FR\",\"potentialAction\":[{\"@type\":\"ReadAction\",\"target\":[\"https:\/\/adrian-werum.com\/fr\/theatre\/\"]}]},{\"@type\":\"BreadcrumbList\",\"@id\":\"https:\/\/adrian-werum.com\/fr\/theatre\/#breadcrumb\",\"itemListElement\":[{\"@type\":\"ListItem\",\"position\":1,\"name\":\"Home\",\"item\":\"https:\/\/adrian-werum.com\/fr\/\"},{\"@type\":\"ListItem\",\"position\":2,\"name\":\"Th\u00e9\u00e2tre\"}]},{\"@type\":\"WebSite\",\"@id\":\"https:\/\/adrian-werum.com\/fr\/#website\",\"url\":\"https:\/\/adrian-werum.com\/fr\/\",\"name\":\"Adrian Werum - Composer, Conductor, Pianist\",\"description\":\"Award-winning Composer &amp; Musical Director for Musical Theatre\",\"publisher\":{\"@id\":\"https:\/\/adrian-werum.com\/fr\/#\/schema\/person\/484a170c749b5c90de03a53e37062fa8\"},\"potentialAction\":[{\"@type\":\"SearchAction\",\"target\":{\"@type\":\"EntryPoint\",\"urlTemplate\":\"https:\/\/adrian-werum.com\/fr\/?s={search_term_string}\"},\"query-input\":{\"@type\":\"PropertyValueSpecification\",\"valueRequired\":true,\"valueName\":\"search_term_string\"}}],\"inLanguage\":\"fr-FR\"},{\"@type\":[\"Person\",\"Organization\"],\"@id\":\"https:\/\/adrian-werum.com\/fr\/#\/schema\/person\/484a170c749b5c90de03a53e37062fa8\",\"name\":\"Adrian Werum\",\"image\":{\"@type\":\"ImageObject\",\"inLanguage\":\"fr-FR\",\"@id\":\"https:\/\/adrian-werum.com\/fr\/#\/schema\/person\/image\/\",\"url\":\"https:\/\/i0.wp.com\/adrian-werum.com\/wp-content\/uploads\/2023\/10\/Hannes_Vogel_im_Kreis-removebg-Adrian-Werum.png?fit=768%2C608&ssl=1\",\"contentUrl\":\"https:\/\/i0.wp.com\/adrian-werum.com\/wp-content\/uploads\/2023\/10\/Hannes_Vogel_im_Kreis-removebg-Adrian-Werum.png?fit=768%2C608&ssl=1\",\"width\":768,\"height\":608,\"caption\":\"Adrian Werum\"},\"logo\":{\"@id\":\"https:\/\/adrian-werum.com\/fr\/#\/schema\/person\/image\/\"}}]}<\/script>\n<!-- \/ Yoast SEO plugin. -->","yoast_head_json":{"title":"Th\u00e9\u00e2tre - Adrian Werum - Composer, Conductor, Pianist","robots":{"index":"index","follow":"follow","max-snippet":"max-snippet:-1","max-image-preview":"max-image-preview:large","max-video-preview":"max-video-preview:-1"},"canonical":"https:\/\/adrian-werum.com\/fr\/theatre\/","og_locale":"fr_FR","og_type":"article","og_title":"Th\u00e9\u00e2tre - Adrian Werum - Composer, Conductor, Pianist","og_description":"Th\u00e9\u00e2tre https:\/\/www.youtube.com\/watch?v=ofnedYAHbJghttps:\/\/www.youtube.com\/watch?v=68SOVIlhlqAhttps:\/\/www.youtube.com\/watch?v=OBMHCcCnDcE","og_url":"https:\/\/adrian-werum.com\/fr\/theatre\/","og_site_name":"Adrian Werum - Composer, Conductor, Pianist","article_modified_time":"2024-05-25T14:21:07+00:00","twitter_card":"summary_large_image","schema":{"@context":"https:\/\/schema.org","@graph":[{"@type":"WebPage","@id":"https:\/\/adrian-werum.com\/fr\/theatre\/","url":"https:\/\/adrian-werum.com\/fr\/theatre\/","name":"Th\u00e9\u00e2tre - Adrian Werum - Composer, Conductor, Pianist","isPartOf":{"@id":"https:\/\/adrian-werum.com\/fr\/#website"},"datePublished":"2023-10-03T17:32:18+00:00","dateModified":"2024-05-25T14:21:07+00:00","breadcrumb":{"@id":"https:\/\/adrian-werum.com\/fr\/theatre\/#breadcrumb"},"inLanguage":"fr-FR","potentialAction":[{"@type":"ReadAction","target":["https:\/\/adrian-werum.com\/fr\/theatre\/"]}]},{"@type":"BreadcrumbList","@id":"https:\/\/adrian-werum.com\/fr\/theatre\/#breadcrumb","itemListElement":[{"@type":"ListItem","position":1,"name":"Home","item":"https:\/\/adrian-werum.com\/fr\/"},{"@type":"ListItem","position":2,"name":"Th\u00e9\u00e2tre"}]},{"@type":"WebSite","@id":"https:\/\/adrian-werum.com\/fr\/#website","url":"https:\/\/adrian-werum.com\/fr\/","name":"Adrian Werum - Composer, Conductor, Pianist","description":"Award-winning Composer &amp; Musical Director for Musical Theatre","publisher":{"@id":"https:\/\/adrian-werum.com\/fr\/#\/schema\/person\/484a170c749b5c90de03a53e37062fa8"},"potentialAction":[{"@type":"SearchAction","target":{"@type":"EntryPoint","urlTemplate":"https:\/\/adrian-werum.com\/fr\/?s={search_term_string}"},"query-input":{"@type":"PropertyValueSpecification","valueRequired":true,"valueName":"search_term_string"}}],"inLanguage":"fr-FR"},{"@type":["Person","Organization"],"@id":"https:\/\/adrian-werum.com\/fr\/#\/schema\/person\/484a170c749b5c90de03a53e37062fa8","name":"Adrian Werum","image":{"@type":"ImageObject","inLanguage":"fr-FR","@id":"https:\/\/adrian-werum.com\/fr\/#\/schema\/person\/image\/","url":"https:\/\/i0.wp.com\/adrian-werum.com\/wp-content\/uploads\/2023\/10\/Hannes_Vogel_im_Kreis-removebg-Adrian-Werum.png?fit=768%2C608&ssl=1","contentUrl":"https:\/\/i0.wp.com\/adrian-werum.com\/wp-content\/uploads\/2023\/10\/Hannes_Vogel_im_Kreis-removebg-Adrian-Werum.png?fit=768%2C608&ssl=1","width":768,"height":608,"caption":"Adrian Werum"},"logo":{"@id":"https:\/\/adrian-werum.com\/fr\/#\/schema\/person\/image\/"}}]}},"_links":{"self":[{"href":"https:\/\/adrian-werum.com\/fr\/wp-json\/wp\/v2\/pages\/2908","targetHints":{"allow":["GET"]}}],"collection":[{"href":"https:\/\/adrian-werum.com\/fr\/wp-json\/wp\/v2\/pages"}],"about":[{"href":"https:\/\/adrian-werum.com\/fr\/wp-json\/wp\/v2\/types\/page"}],"author":[{"embeddable":true,"href":"https:\/\/adrian-werum.com\/fr\/wp-json\/wp\/v2\/users\/2"}],"replies":[{"embeddable":true,"href":"https:\/\/adrian-werum.com\/fr\/wp-json\/wp\/v2\/comments?post=2908"}],"version-history":[{"count":1,"href":"https:\/\/adrian-werum.com\/fr\/wp-json\/wp\/v2\/pages\/2908\/revisions"}],"predecessor-version":[{"id":2913,"href":"https:\/\/adrian-werum.com\/fr\/wp-json\/wp\/v2\/pages\/2908\/revisions\/2913"}],"wp:attachment":[{"href":"https:\/\/adrian-werum.com\/fr\/wp-json\/wp\/v2\/media?parent=2908"}],"curies":[{"name":"wp","href":"https:\/\/api.w.org\/{rel}","templated":true}]}}