{"id":2906,"date":"2021-04-26T08:02:20","date_gmt":"2021-04-26T08:02:20","guid":{"rendered":"https:\/\/adrian-werum.com\/a-propos-de-moi\/"},"modified":"2025-04-17T10:17:36","modified_gmt":"2025-04-17T10:17:36","slug":"a-propos-de-moi","status":"publish","type":"page","link":"https:\/\/adrian-werum.com\/fr\/a-propos-de-moi\/","title":{"rendered":"\u00c0 propos de moi"},"content":{"rendered":"\t\t<div data-elementor-type=\"wp-page\" data-elementor-id=\"2906\" class=\"elementor elementor-2906 elementor-30\">\n\t\t\t\t\t\t<section class=\"elementor-section elementor-top-section elementor-element elementor-element-adb1792 elementor-section-full_width qodef-elementor-content-grid elementor-section-height-default elementor-section-height-default\" data-id=\"adb1792\" data-element_type=\"section\" data-settings=\"{&quot;background_background&quot;:&quot;classic&quot;}\">\n\t\t\t\t\t\t<div class=\"elementor-container elementor-column-gap-default\">\n\t\t\t\t\t<div class=\"elementor-column elementor-col-100 elementor-top-column elementor-element elementor-element-051750d\" data-id=\"051750d\" data-element_type=\"column\">\n\t\t\t<div class=\"elementor-widget-wrap elementor-element-populated\">\n\t\t\t\t\t\t<div class=\"elementor-element elementor-element-c56d17e elementor-widget elementor-widget-qi_addons_for_elementor_section_title\" data-id=\"c56d17e\" data-element_type=\"widget\" data-widget_type=\"qi_addons_for_elementor_section_title.default\">\n\t\t\t\t<div class=\"elementor-widget-container\">\n\t\t\t\t\t<div class=\"qodef-shortcode qodef-m qodef-qi-section-title qodef-decoration--italic qodef-link--underline-draw qodef-subtitle-icon--left\">\n\t\t\t\t\t\t<h1 class=\"qodef-m-title\">\n\t\tA PROPOS DE MOI\t<\/h1>\n\t\t\t<\/div>\n\t\t\t\t<\/div>\n\t\t\t\t<\/div>\n\t\t\t\t<div class=\"elementor-element elementor-element-a5d2cc1 elementor-widget elementor-widget-image\" data-id=\"a5d2cc1\" data-element_type=\"widget\" data-widget_type=\"image.default\">\n\t\t\t\t<div class=\"elementor-widget-container\">\n\t\t\t\t\t\t\t\t\t\t\t\t\t\t\t<img fetchpriority=\"high\" decoding=\"async\" width=\"1300\" height=\"650\" src=\"https:\/\/adrian-werum.com\/wp-content\/uploads\/2025\/04\/20201007_Orchester-der-Kulturen47380-Comp-1300x650.jpeg\" class=\"attachment-qi_addons_for_elementor_image_size_landscape size-qi_addons_for_elementor_image_size_landscape wp-image-3245\" alt=\"Adrian Werum Portrait\" \/>\t\t\t\t\t\t\t\t\t\t\t\t\t\t\t<\/div>\n\t\t\t\t<\/div>\n\t\t\t\t<section class=\"elementor-section elementor-inner-section elementor-element elementor-element-b376666 elementor-section-full_width elementor-section-height-default elementor-section-height-default qodef-elementor-content-no\" data-id=\"b376666\" data-element_type=\"section\">\n\t\t\t\t\t\t<div class=\"elementor-container elementor-column-gap-default\">\n\t\t\t\t\t<div class=\"elementor-column elementor-col-33 elementor-inner-column elementor-element elementor-element-9eb98a1\" data-id=\"9eb98a1\" data-element_type=\"column\">\n\t\t\t<div class=\"elementor-widget-wrap elementor-element-populated\">\n\t\t\t\t\t\t<div class=\"elementor-element elementor-element-ae4a37a elementor-widget__width-initial elementor-widget-tablet__width-inherit elementor-widget elementor-widget-qi_addons_for_elementor_section_title\" data-id=\"ae4a37a\" data-element_type=\"widget\" data-widget_type=\"qi_addons_for_elementor_section_title.default\">\n\t\t\t\t<div class=\"elementor-widget-container\">\n\t\t\t\t\t<div class=\"qodef-shortcode qodef-m qodef-qi-section-title qodef-decoration--italic qodef-link--underline-draw qodef-subtitle-icon--left\">\n\t\t\t\t\t\t<h5 class=\"qodef-m-title\">\n\t\tBIOGRAPHIE\t<\/h5>\n\t\t\t<div class=\"qodef-m-text\"><p> <\/p><p>Adrian Werum est n\u00e9 dans une famille de mineurs de Haute-Sil\u00e9sie et de commer\u00e7ants de Rh\u00e9nanie.  <\/p><p>Ayant grandi \u00e0 Mayence sur le Rhin, il a re\u00e7u ses premi\u00e8res le\u00e7ons de piano de son p\u00e8re, puis a suivi une formation compl\u00e8te en piano, violon et composition au conservatoire Peter Cornelius.<\/p><p>Il a mis \u00e0 profit ses \u00e9tudes de composition, de direction d'orchestre et d'arrangement de jazz \u00e0 Vienne pour travailler, apr\u00e8s 3 ans, comme r\u00e9p\u00e9titeur soliste au studio de danse et de chant du Theater an der Wien.<\/p><p>De l\u00e0, il a \u00e9t\u00e9 repris comme chef d'orchestre au Raimundtheater, o\u00f9 il a conduit la production de \"La danse des vampires\", mise en sc\u00e8ne par Roman Polanski, \u00e0 une renomm\u00e9e mondiale.<\/p><p>Depuis cette \u00e9poque, il est actif au niveau international en tant que directeur musical, superviseur, compositeur et arrangeur.  <\/p><p>Depuis 2010, il dirige l'\"Orchestre des cultures\" qu'il a fond\u00e9.<\/p><\/div>\n\t<\/div>\n\t\t\t\t<\/div>\n\t\t\t\t<\/div>\n\t\t\t\t\t<\/div>\n\t\t<\/div>\n\t\t\t\t<div class=\"elementor-column elementor-col-33 elementor-inner-column elementor-element elementor-element-32de3f1\" data-id=\"32de3f1\" data-element_type=\"column\">\n\t\t\t<div class=\"elementor-widget-wrap elementor-element-populated\">\n\t\t\t\t\t\t<div class=\"elementor-element elementor-element-fb2df74 elementor-widget__width-initial elementor-widget-tablet__width-inherit elementor-widget elementor-widget-qi_addons_for_elementor_section_title\" data-id=\"fb2df74\" data-element_type=\"widget\" data-widget_type=\"qi_addons_for_elementor_section_title.default\">\n\t\t\t\t<div class=\"elementor-widget-container\">\n\t\t\t\t\t<div class=\"qodef-shortcode qodef-m qodef-qi-section-title qodef-decoration--italic qodef-link--underline-draw qodef-subtitle-icon--left\">\n\t\t\t\t\t\t<h5 class=\"qodef-m-title\">\n\t\tCONTACT\t<\/h5>\n\t\t\t<div class=\"qodef-m-text\"><p> <\/p><p>Pour les demandes de concerts &amp; les commandes de compositions &amp; d'arrangements, veuillez vous adresser en toute confiance \u00e0 :<\/p><p style=\"margin-top: -10px\"><a href=\"mailto:info@adrian-werum.com\">info@adrian-werum.com<\/a><\/p><p style=\"margin-top: -10px\"> <\/p><\/div>\n\t<\/div>\n\t\t\t\t<\/div>\n\t\t\t\t<\/div>\n\t\t\t\t\t<\/div>\n\t\t<\/div>\n\t\t\t\t<div class=\"elementor-column elementor-col-33 elementor-inner-column elementor-element elementor-element-928e98e\" data-id=\"928e98e\" data-element_type=\"column\">\n\t\t\t<div class=\"elementor-widget-wrap elementor-element-populated\">\n\t\t\t\t\t\t<div class=\"elementor-element elementor-element-2868836 elementor-widget__width-initial elementor-widget-tablet__width-inherit elementor-widget elementor-widget-qi_addons_for_elementor_section_title\" data-id=\"2868836\" data-element_type=\"widget\" data-widget_type=\"qi_addons_for_elementor_section_title.default\">\n\t\t\t\t<div class=\"elementor-widget-container\">\n\t\t\t\t\t<div class=\"qodef-shortcode qodef-m qodef-qi-section-title qodef-decoration--italic qodef-link--underline-draw qodef-subtitle-icon--left\">\n\t\t\t\t\t\t<h5 class=\"qodef-m-title\">\n\t\tTARIFS\t<\/h5>\n\t\t\t<div class=\"qodef-m-text\"><p> <\/p><p>Prix Ernst-Fischer Deutschlandradio Berlin pour la musique de divertissement orchestr\u00e9e<\/p><p style=\"margin-top: -10px\">Prix de composition de musique de chambre Ludwigshafen pour le quintette \u00e0 cordes n\u00b01<\/p><p>Prix Manfred-Rommel Forum germano-turc de Stuttgart 2013 pour services rendus \u00e0 l'int\u00e9gration avec l'Orchestre des cultures  <\/p><p>Masque d'or 2015 pour \"Hollywood Diva\" en tant que meilleure nouvelle com\u00e9die musicale russe de la F\u00e9d\u00e9ration de Russie<\/p><p>( musique, paroles, orchestration )  <\/p><\/div>\n\t<\/div>\n\t\t\t\t<\/div>\n\t\t\t\t<\/div>\n\t\t\t\t\t<\/div>\n\t\t<\/div>\n\t\t\t\t\t<\/div>\n\t\t<\/section>\n\t\t\t\t\t<\/div>\n\t\t<\/div>\n\t\t\t\t\t<\/div>\n\t\t<\/section>\n\t\t\t\t<\/div>\n\t\t","protected":false},"excerpt":{"rendered":"<p>A PROPOS DE MOI BIOGRAPHIE Adrian Werum est n\u00e9 dans une famille de mineurs de Haute-Sil\u00e9sie et de commer\u00e7ants de [&hellip;]<\/p>\n","protected":false},"author":3,"featured_media":2777,"parent":0,"menu_order":0,"comment_status":"closed","ping_status":"closed","template":"","meta":{"_uf_show_specific_survey":0,"_uf_disable_surveys":false,"site-sidebar-layout":"default","site-content-layout":"","ast-site-content-layout":"","site-content-style":"default","site-sidebar-style":"default","ast-global-header-display":"","ast-banner-title-visibility":"","ast-main-header-display":"","ast-hfb-above-header-display":"","ast-hfb-below-header-display":"","ast-hfb-mobile-header-display":"","site-post-title":"","ast-breadcrumbs-content":"","ast-featured-img":"","footer-sml-layout":"","theme-transparent-header-meta":"","adv-header-id-meta":"","stick-header-meta":"","header-above-stick-meta":"","header-main-stick-meta":"","header-below-stick-meta":"","astra-migrate-meta-layouts":"default","ast-page-background-enabled":"default","ast-page-background-meta":{"desktop":{"background-color":"var(--ast-global-color-4)","background-image":"","background-repeat":"repeat","background-position":"center center","background-size":"auto","background-attachment":"scroll","background-type":"","background-media":"","overlay-type":"","overlay-color":"","overlay-opacity":"","overlay-gradient":""},"tablet":{"background-color":"","background-image":"","background-repeat":"repeat","background-position":"center center","background-size":"auto","background-attachment":"scroll","background-type":"","background-media":"","overlay-type":"","overlay-color":"","overlay-opacity":"","overlay-gradient":""},"mobile":{"background-color":"","background-image":"","background-repeat":"repeat","background-position":"center center","background-size":"auto","background-attachment":"scroll","background-type":"","background-media":"","overlay-type":"","overlay-color":"","overlay-opacity":"","overlay-gradient":""}},"ast-content-background-meta":{"desktop":{"background-color":"var(--ast-global-color-5)","background-image":"","background-repeat":"repeat","background-position":"center center","background-size":"auto","background-attachment":"scroll","background-type":"","background-media":"","overlay-type":"","overlay-color":"","overlay-opacity":"","overlay-gradient":""},"tablet":{"background-color":"var(--ast-global-color-5)","background-image":"","background-repeat":"repeat","background-position":"center center","background-size":"auto","background-attachment":"scroll","background-type":"","background-media":"","overlay-type":"","overlay-color":"","overlay-opacity":"","overlay-gradient":""},"mobile":{"background-color":"var(--ast-global-color-5)","background-image":"","background-repeat":"repeat","background-position":"center center","background-size":"auto","background-attachment":"scroll","background-type":"","background-media":"","overlay-type":"","overlay-color":"","overlay-opacity":"","overlay-gradient":""}},"footnotes":""},"class_list":["post-2906","page","type-page","status-publish","has-post-thumbnail","hentry"],"yoast_head":"<!-- This site is optimized with the Yoast SEO plugin v24.9 - https:\/\/yoast.com\/wordpress\/plugins\/seo\/ -->\n<title>\u00c0 propos de moi - Adrian Werum - Composer, Conductor, Pianist<\/title>\n<meta name=\"description\" content=\"Adrian Werum, compositeur et directeur musical prim\u00e9, pianiste, superviseur musical, No.1 German Classical Charts, Broadway , TV\" \/>\n<meta name=\"robots\" content=\"index, follow, max-snippet:-1, max-image-preview:large, max-video-preview:-1\" \/>\n<link rel=\"canonical\" href=\"https:\/\/adrian-werum.com\/fr\/a-propos-de-moi\/\" \/>\n<meta property=\"og:locale\" content=\"fr_FR\" \/>\n<meta property=\"og:type\" content=\"article\" \/>\n<meta property=\"og:title\" content=\"\u00c0 propos de moi - Adrian Werum - Composer, Conductor, Pianist\" \/>\n<meta property=\"og:description\" content=\"Adrian Werum, compositeur et directeur musical prim\u00e9, pianiste, superviseur musical, No.1 German Classical Charts, Broadway , TV\" \/>\n<meta property=\"og:url\" content=\"https:\/\/adrian-werum.com\/fr\/a-propos-de-moi\/\" \/>\n<meta property=\"og:site_name\" content=\"Adrian Werum - Composer, Conductor, Pianist\" \/>\n<meta property=\"article:modified_time\" content=\"2025-04-17T10:17:36+00:00\" \/>\n<meta property=\"og:image\" content=\"https:\/\/adrian-werum.com\/wp-content\/uploads\/2023\/10\/WhatsApp-Image-2020-08-18-at-14.27.50-e1708685144841.jpeg\" \/>\n\t<meta property=\"og:image:width\" content=\"1200\" \/>\n\t<meta property=\"og:image:height\" content=\"800\" \/>\n\t<meta property=\"og:image:type\" content=\"image\/jpeg\" \/>\n<meta name=\"twitter:card\" content=\"summary_large_image\" \/>\n<meta name=\"twitter:label1\" content=\"Dur\u00e9e de lecture estim\u00e9e\" \/>\n\t<meta name=\"twitter:data1\" content=\"1 minute\" \/>\n<script type=\"application\/ld+json\" class=\"yoast-schema-graph\">{\"@context\":\"https:\/\/schema.org\",\"@graph\":[{\"@type\":\"WebPage\",\"@id\":\"https:\/\/adrian-werum.com\/fr\/a-propos-de-moi\/\",\"url\":\"https:\/\/adrian-werum.com\/fr\/a-propos-de-moi\/\",\"name\":\"\u00c0 propos de moi - Adrian Werum - Composer, Conductor, Pianist\",\"isPartOf\":{\"@id\":\"https:\/\/adrian-werum.com\/fr\/#website\"},\"primaryImageOfPage\":{\"@id\":\"https:\/\/adrian-werum.com\/fr\/a-propos-de-moi\/#primaryimage\"},\"image\":{\"@id\":\"https:\/\/adrian-werum.com\/fr\/a-propos-de-moi\/#primaryimage\"},\"thumbnailUrl\":\"https:\/\/adrian-werum.com\/wp-content\/uploads\/2023\/10\/WhatsApp-Image-2020-08-18-at-14.27.50-e1708685144841.jpeg\",\"datePublished\":\"2021-04-26T08:02:20+00:00\",\"dateModified\":\"2025-04-17T10:17:36+00:00\",\"description\":\"Adrian Werum, compositeur et directeur musical prim\u00e9, pianiste, superviseur musical, No.1 German Classical Charts, Broadway , TV\",\"breadcrumb\":{\"@id\":\"https:\/\/adrian-werum.com\/fr\/a-propos-de-moi\/#breadcrumb\"},\"inLanguage\":\"fr-FR\",\"potentialAction\":[{\"@type\":\"ReadAction\",\"target\":[\"https:\/\/adrian-werum.com\/fr\/a-propos-de-moi\/\"]}]},{\"@type\":\"ImageObject\",\"inLanguage\":\"fr-FR\",\"@id\":\"https:\/\/adrian-werum.com\/fr\/a-propos-de-moi\/#primaryimage\",\"url\":\"https:\/\/adrian-werum.com\/wp-content\/uploads\/2023\/10\/WhatsApp-Image-2020-08-18-at-14.27.50-e1708685144841.jpeg\",\"contentUrl\":\"https:\/\/adrian-werum.com\/wp-content\/uploads\/2023\/10\/WhatsApp-Image-2020-08-18-at-14.27.50-e1708685144841.jpeg\",\"width\":1200,\"height\":800,\"caption\":\"Photograph: Debora Vilchez\"},{\"@type\":\"BreadcrumbList\",\"@id\":\"https:\/\/adrian-werum.com\/fr\/a-propos-de-moi\/#breadcrumb\",\"itemListElement\":[{\"@type\":\"ListItem\",\"position\":1,\"name\":\"Home\",\"item\":\"https:\/\/adrian-werum.com\/fr\/\"},{\"@type\":\"ListItem\",\"position\":2,\"name\":\"\u00c0 propos de moi\"}]},{\"@type\":\"WebSite\",\"@id\":\"https:\/\/adrian-werum.com\/fr\/#website\",\"url\":\"https:\/\/adrian-werum.com\/fr\/\",\"name\":\"Adrian Werum - Composer, Conductor, Pianist\",\"description\":\"Award-winning Composer &amp; Musical Director for Musical Theatre\",\"publisher\":{\"@id\":\"https:\/\/adrian-werum.com\/fr\/#\/schema\/person\/484a170c749b5c90de03a53e37062fa8\"},\"potentialAction\":[{\"@type\":\"SearchAction\",\"target\":{\"@type\":\"EntryPoint\",\"urlTemplate\":\"https:\/\/adrian-werum.com\/fr\/?s={search_term_string}\"},\"query-input\":{\"@type\":\"PropertyValueSpecification\",\"valueRequired\":true,\"valueName\":\"search_term_string\"}}],\"inLanguage\":\"fr-FR\"},{\"@type\":[\"Person\",\"Organization\"],\"@id\":\"https:\/\/adrian-werum.com\/fr\/#\/schema\/person\/484a170c749b5c90de03a53e37062fa8\",\"name\":\"Adrian Werum\",\"image\":{\"@type\":\"ImageObject\",\"inLanguage\":\"fr-FR\",\"@id\":\"https:\/\/adrian-werum.com\/fr\/#\/schema\/person\/image\/\",\"url\":\"https:\/\/i0.wp.com\/adrian-werum.com\/wp-content\/uploads\/2023\/10\/Hannes_Vogel_im_Kreis-removebg-Adrian-Werum.png?fit=768%2C608&ssl=1\",\"contentUrl\":\"https:\/\/i0.wp.com\/adrian-werum.com\/wp-content\/uploads\/2023\/10\/Hannes_Vogel_im_Kreis-removebg-Adrian-Werum.png?fit=768%2C608&ssl=1\",\"width\":768,\"height\":608,\"caption\":\"Adrian Werum\"},\"logo\":{\"@id\":\"https:\/\/adrian-werum.com\/fr\/#\/schema\/person\/image\/\"}}]}<\/script>\n<!-- \/ Yoast SEO plugin. -->","yoast_head_json":{"title":"\u00c0 propos de moi - Adrian Werum - Composer, Conductor, Pianist","description":"Adrian Werum, compositeur et directeur musical prim\u00e9, pianiste, superviseur musical, No.1 German Classical Charts, Broadway , TV","robots":{"index":"index","follow":"follow","max-snippet":"max-snippet:-1","max-image-preview":"max-image-preview:large","max-video-preview":"max-video-preview:-1"},"canonical":"https:\/\/adrian-werum.com\/fr\/a-propos-de-moi\/","og_locale":"fr_FR","og_type":"article","og_title":"\u00c0 propos de moi - Adrian Werum - Composer, Conductor, Pianist","og_description":"Adrian Werum, compositeur et directeur musical prim\u00e9, pianiste, superviseur musical, No.1 German Classical Charts, Broadway , TV","og_url":"https:\/\/adrian-werum.com\/fr\/a-propos-de-moi\/","og_site_name":"Adrian Werum - Composer, Conductor, Pianist","article_modified_time":"2025-04-17T10:17:36+00:00","og_image":[{"width":1200,"height":800,"url":"https:\/\/adrian-werum.com\/wp-content\/uploads\/2023\/10\/WhatsApp-Image-2020-08-18-at-14.27.50-e1708685144841.jpeg","type":"image\/jpeg"}],"twitter_card":"summary_large_image","twitter_misc":{"Dur\u00e9e de lecture estim\u00e9e":"1 minute"},"schema":{"@context":"https:\/\/schema.org","@graph":[{"@type":"WebPage","@id":"https:\/\/adrian-werum.com\/fr\/a-propos-de-moi\/","url":"https:\/\/adrian-werum.com\/fr\/a-propos-de-moi\/","name":"\u00c0 propos de moi - Adrian Werum - Composer, Conductor, Pianist","isPartOf":{"@id":"https:\/\/adrian-werum.com\/fr\/#website"},"primaryImageOfPage":{"@id":"https:\/\/adrian-werum.com\/fr\/a-propos-de-moi\/#primaryimage"},"image":{"@id":"https:\/\/adrian-werum.com\/fr\/a-propos-de-moi\/#primaryimage"},"thumbnailUrl":"https:\/\/adrian-werum.com\/wp-content\/uploads\/2023\/10\/WhatsApp-Image-2020-08-18-at-14.27.50-e1708685144841.jpeg","datePublished":"2021-04-26T08:02:20+00:00","dateModified":"2025-04-17T10:17:36+00:00","description":"Adrian Werum, compositeur et directeur musical prim\u00e9, pianiste, superviseur musical, No.1 German Classical Charts, Broadway , TV","breadcrumb":{"@id":"https:\/\/adrian-werum.com\/fr\/a-propos-de-moi\/#breadcrumb"},"inLanguage":"fr-FR","potentialAction":[{"@type":"ReadAction","target":["https:\/\/adrian-werum.com\/fr\/a-propos-de-moi\/"]}]},{"@type":"ImageObject","inLanguage":"fr-FR","@id":"https:\/\/adrian-werum.com\/fr\/a-propos-de-moi\/#primaryimage","url":"https:\/\/adrian-werum.com\/wp-content\/uploads\/2023\/10\/WhatsApp-Image-2020-08-18-at-14.27.50-e1708685144841.jpeg","contentUrl":"https:\/\/adrian-werum.com\/wp-content\/uploads\/2023\/10\/WhatsApp-Image-2020-08-18-at-14.27.50-e1708685144841.jpeg","width":1200,"height":800,"caption":"Photograph: Debora Vilchez"},{"@type":"BreadcrumbList","@id":"https:\/\/adrian-werum.com\/fr\/a-propos-de-moi\/#breadcrumb","itemListElement":[{"@type":"ListItem","position":1,"name":"Home","item":"https:\/\/adrian-werum.com\/fr\/"},{"@type":"ListItem","position":2,"name":"\u00c0 propos de moi"}]},{"@type":"WebSite","@id":"https:\/\/adrian-werum.com\/fr\/#website","url":"https:\/\/adrian-werum.com\/fr\/","name":"Adrian Werum - Composer, Conductor, Pianist","description":"Award-winning Composer &amp; Musical Director for Musical Theatre","publisher":{"@id":"https:\/\/adrian-werum.com\/fr\/#\/schema\/person\/484a170c749b5c90de03a53e37062fa8"},"potentialAction":[{"@type":"SearchAction","target":{"@type":"EntryPoint","urlTemplate":"https:\/\/adrian-werum.com\/fr\/?s={search_term_string}"},"query-input":{"@type":"PropertyValueSpecification","valueRequired":true,"valueName":"search_term_string"}}],"inLanguage":"fr-FR"},{"@type":["Person","Organization"],"@id":"https:\/\/adrian-werum.com\/fr\/#\/schema\/person\/484a170c749b5c90de03a53e37062fa8","name":"Adrian Werum","image":{"@type":"ImageObject","inLanguage":"fr-FR","@id":"https:\/\/adrian-werum.com\/fr\/#\/schema\/person\/image\/","url":"https:\/\/i0.wp.com\/adrian-werum.com\/wp-content\/uploads\/2023\/10\/Hannes_Vogel_im_Kreis-removebg-Adrian-Werum.png?fit=768%2C608&ssl=1","contentUrl":"https:\/\/i0.wp.com\/adrian-werum.com\/wp-content\/uploads\/2023\/10\/Hannes_Vogel_im_Kreis-removebg-Adrian-Werum.png?fit=768%2C608&ssl=1","width":768,"height":608,"caption":"Adrian Werum"},"logo":{"@id":"https:\/\/adrian-werum.com\/fr\/#\/schema\/person\/image\/"}}]}},"_links":{"self":[{"href":"https:\/\/adrian-werum.com\/fr\/wp-json\/wp\/v2\/pages\/2906","targetHints":{"allow":["GET"]}}],"collection":[{"href":"https:\/\/adrian-werum.com\/fr\/wp-json\/wp\/v2\/pages"}],"about":[{"href":"https:\/\/adrian-werum.com\/fr\/wp-json\/wp\/v2\/types\/page"}],"author":[{"embeddable":true,"href":"https:\/\/adrian-werum.com\/fr\/wp-json\/wp\/v2\/users\/3"}],"replies":[{"embeddable":true,"href":"https:\/\/adrian-werum.com\/fr\/wp-json\/wp\/v2\/comments?post=2906"}],"version-history":[{"count":3,"href":"https:\/\/adrian-werum.com\/fr\/wp-json\/wp\/v2\/pages\/2906\/revisions"}],"predecessor-version":[{"id":3291,"href":"https:\/\/adrian-werum.com\/fr\/wp-json\/wp\/v2\/pages\/2906\/revisions\/3291"}],"wp:featuredmedia":[{"embeddable":true,"href":"https:\/\/adrian-werum.com\/fr\/wp-json\/wp\/v2\/media\/2777"}],"wp:attachment":[{"href":"https:\/\/adrian-werum.com\/fr\/wp-json\/wp\/v2\/media?parent=2906"}],"curies":[{"name":"wp","href":"https:\/\/api.w.org\/{rel}","templated":true}]}}