{"id":2904,"date":"2023-10-03T17:30:17","date_gmt":"2023-10-03T17:30:17","guid":{"rendered":"https:\/\/adrian-werum.com\/concerts\/"},"modified":"2026-02-07T16:56:53","modified_gmt":"2026-02-07T16:56:53","slug":"concerts","status":"publish","type":"page","link":"https:\/\/adrian-werum.com\/fr\/concerts\/","title":{"rendered":"Concerts"},"content":{"rendered":"\t\t<div data-elementor-type=\"wp-page\" data-elementor-id=\"2904\" class=\"elementor elementor-2904 elementor-1660\">\n\t\t\t\t<div class=\"elementor-element elementor-element-7086137 e-con-full qodef-elementor-content-grid e-flex e-con e-parent\" data-id=\"7086137\" data-element_type=\"container\" data-settings=\"{&quot;background_background&quot;:&quot;classic&quot;}\">\n\t\t<div class=\"elementor-element elementor-element-ff9e6dd e-con-full e-flex qodef-elementor-content-no e-con e-child\" data-id=\"ff9e6dd\" data-element_type=\"container\">\n\t\t\t\t<div class=\"elementor-element elementor-element-73e1c7f elementor-widget elementor-widget-heading\" data-id=\"73e1c7f\" data-element_type=\"widget\" data-widget_type=\"heading.default\">\n\t\t\t\t<div class=\"elementor-widget-container\">\n\t\t\t\t\t<h2 class=\"elementor-heading-title elementor-size-default\">Concerts<\/h2>\t\t\t\t<\/div>\n\t\t\t\t<\/div>\n\t\t\t\t<\/div>\n\t\t\t\t<\/div>\n\t\t<div class=\"elementor-element elementor-element-ee9d7b7 elementor-hidden-desktop elementor-hidden-tablet elementor-hidden-mobile e-flex e-con-boxed qodef-elementor-content-no e-con e-parent\" data-id=\"ee9d7b7\" data-element_type=\"container\" data-settings=\"{&quot;background_background&quot;:&quot;classic&quot;}\">\n\t\t\t\t\t<div class=\"e-con-inner\">\n\t\t<div class=\"elementor-element elementor-element-6dcd821 e-con-full e-flex qodef-elementor-content-no e-con e-child\" data-id=\"6dcd821\" data-element_type=\"container\">\n\t\t\t\t<div class=\"elementor-element elementor-element-3437047 elementor-widget elementor-widget-image\" data-id=\"3437047\" data-element_type=\"widget\" data-widget_type=\"image.default\">\n\t\t\t\t<div class=\"elementor-widget-container\">\n\t\t\t\t\t\t\t\t\t\t\t\t\t\t\t\t<a href=\"https:\/\/theaterhaus.reservix.de\/p\/reservix\/event\/2141444\">\n\t\t\t\t\t\t\t<img fetchpriority=\"high\" decoding=\"async\" width=\"280\" height=\"280\" src=\"https:\/\/adrian-werum.com\/wp-content\/uploads\/2024\/04\/roots-no-roots.webp\" class=\"attachment-large size-large wp-image-2891\" alt=\"\" srcset=\"https:\/\/adrian-werum.com\/wp-content\/uploads\/2024\/04\/roots-no-roots.webp 280w, https:\/\/adrian-werum.com\/wp-content\/uploads\/2024\/04\/roots-no-roots-150x150.webp 150w\" sizes=\"(max-width: 280px) 100vw, 280px\" \/>\t\t\t\t\t\t\t\t<\/a>\n\t\t\t\t\t\t\t\t\t\t\t\t\t\t\t<\/div>\n\t\t\t\t<\/div>\n\t\t\t\t<div class=\"elementor-element elementor-element-1c7618b elementor-align-center elementor-widget__width-inherit elementor-widget elementor-widget-button\" data-id=\"1c7618b\" data-element_type=\"widget\" data-widget_type=\"button.default\">\n\t\t\t\t<div class=\"elementor-widget-container\">\n\t\t\t\t\t\t\t\t\t<div class=\"elementor-button-wrapper\">\n\t\t\t\t\t<a class=\"elementor-button elementor-button-link elementor-size-sm\" href=\"https:\/\/theaterhaus.reservix.de\/p\/reservix\/event\/2141444\">\n\t\t\t\t\t\t<span class=\"elementor-button-content-wrapper\">\n\t\t\t\t\t\t\t\t\t<span class=\"elementor-button-text\">BILLETS<\/span>\n\t\t\t\t\t<\/span>\n\t\t\t\t\t<\/a>\n\t\t\t\t<\/div>\n\t\t\t\t\t\t\t\t<\/div>\n\t\t\t\t<\/div>\n\t\t\t\t<\/div>\n\t\t<div class=\"elementor-element elementor-element-fa092cf e-con-full e-flex qodef-elementor-content-no e-con e-child\" data-id=\"fa092cf\" data-element_type=\"container\">\n\t\t\t\t<div class=\"elementor-element elementor-element-98cf5af elementor-widget elementor-widget-heading\" data-id=\"98cf5af\" data-element_type=\"widget\" data-widget_type=\"heading.default\">\n\t\t\t\t<div class=\"elementor-widget-container\">\n\t\t\t\t\t<h3 class=\"elementor-heading-title elementor-size-default\">ROOTS - NO ROOTS<\/h3>\t\t\t\t<\/div>\n\t\t\t\t<\/div>\n\t\t\t\t<div class=\"elementor-element elementor-element-1662127 elementor-widget elementor-widget-heading\" data-id=\"1662127\" data-element_type=\"widget\" data-widget_type=\"heading.default\">\n\t\t\t\t<div class=\"elementor-widget-container\">\n\t\t\t\t\t<h5 class=\"elementor-heading-title elementor-size-default\">27 avril 2024 Theaterhaus Stuttgart T1 Siemensstra\u00dfe 11  <\/h5>\t\t\t\t<\/div>\n\t\t\t\t<\/div>\n\t\t\t\t<div class=\"elementor-element elementor-element-b0cad0f elementor-widget elementor-widget-text-editor\" data-id=\"b0cad0f\" data-element_type=\"widget\" data-widget_type=\"text-editor.default\">\n\t\t\t\t<div class=\"elementor-widget-container\">\n\t\t\t\t\t\t\t\t\t<p>Les racines d&rsquo;une personne la fa\u00e7onnent, tout comme son d\u00e9sir de libert\u00e9.<\/p><p>Chaque type de musique a \u00e9galement ses racines, mais transcende \u00e9galement les fronti\u00e8res et est un langage universel partag\u00e9 par toutes les cultures.<\/p><p>Lors du concert commun de l&rsquo;Orchestre des Cultures et de la chorale Musikwerks Pop, les fans de musique pop et de musique du monde en qu\u00eate d&rsquo;aventure seront combl\u00e9s.<\/p><p>Adrian Werum et Arnd Pohlmann montrent avec leurs ensembles qu&rsquo;il est toujours possible de s&rsquo;enraciner dans la libert\u00e9.<\/p><p>En collaboration avec Musikwerk Stuttgart<\/p><p><a href=\"https:\/\/www.theaterhaus.com\/de\/programm-tickets\/roots-no-roots\/325\">En savoir plus<\/a><\/p>\t\t\t\t\t\t\t\t<\/div>\n\t\t\t\t<\/div>\n\t\t\t\t<\/div>\n\t\t\t\t\t<\/div>\n\t\t\t\t<\/div>\n\t\t<div class=\"elementor-element elementor-element-81c715d e-flex e-con-boxed qodef-elementor-content-no e-con e-parent\" data-id=\"81c715d\" data-element_type=\"container\">\n\t\t\t\t\t<div class=\"e-con-inner\">\n\t\t\t\t<div class=\"elementor-element elementor-element-6c90bae elementor-widget__width-initial elementor-widget elementor-widget-html\" data-id=\"6c90bae\" data-element_type=\"widget\" data-widget_type=\"html.default\">\n\t\t\t\t<div class=\"elementor-widget-container\">\n\t\t\t\t\t\n  <script charset=\"utf-8\" src=\"https:\/\/widgetv3.bandsintown.com\/main.min.js\"><\/script>\n  <a class=\"bit-widget-initializer\" data-artist-name=\"id_15622824\" data-events-to-display=\"\" data-background-color=\"rgba(255,255,255,1)\" data-separator-color=\"rgba(221,221,221,1)\" data-text-color=\"rgba(66,66,66,1)\" data-font=\"Helvetica\" data-auto-style=\"true\" data-button-label-capitalization=\"uppercase\" data-header-capitalization=\"uppercase\" data-location-capitalization=\"uppercase\" data-venue-capitalization=\"uppercase\" data-display-local-dates=\"true\" data-local-dates-position=\"tab\" data-display-past-dates=\"true\" data-display-details=\"false\" data-display-lineup=\"false\" data-display-start-time=\"false\" data-social-share-icon=\"false\" data-display-limit=\"all\" data-date-format=\"MMM. DD YYYY\" data-date-orientation=\"vertical\" data-date-border-color=\"#4A4A4A\" data-date-border-width=\"3px\" data-date-capitalization=\"capitalize\" data-date-border-radius=\"10px\" data-event-ticket-cta-size=\"medium\" data-event-custom-ticket-text=\"\" data-event-ticket-text=\"KARTEN\" data-event-ticket-icon=\"false\" data-event-ticket-cta-text-color=\"rgba(255,255,255,1)\" data-event-ticket-cta-bg-color=\"rgba(74,74,74,1)\" data-event-ticket-cta-border-color=\"rgba(74,74,74,1)\" data-event-ticket-cta-border-width=\"0px\" data-event-ticket-cta-border-radius=\"2px\" data-sold-out-button-text-color=\"rgba(255,255,255,1)\" data-sold-out-button-background-color=\"rgba(74,74,74,1)\" data-sold-out-button-border-color=\"rgba(74,74,74,1)\" data-sold-out-button-clickable=\"true\" data-event-rsvp-position=\"left\" data-event-rsvp-cta-size=\"medium\" data-event-rsvp-only-show-icon=\"false\" data-event-rsvp-text=\"ANMELDUNG\" data-event-rsvp-icon=\"false\" data-event-rsvp-cta-text-color=\"rgba(74,74,74,1)\" data-event-rsvp-cta-bg-color=\"rgba(255,255,255,1)\" data-event-rsvp-cta-border-color=\"rgba(74,74,74,1)\" data-event-rsvp-cta-border-width=\"1px\" data-event-rsvp-cta-border-radius=\"2px\" data-follow-section-position=\"top\" data-follow-section-alignment=\"center\" data-follow-section-header-text=\"Erhalte alle Infos  \" data-follow-section-cta-size=\"medium\" data-follow-section-cta-text=\"FOLGE\" data-follow-section-cta-icon=\"false\" data-follow-section-cta-text-color=\"rgba(255,255,255,1)\" data-follow-section-cta-bg-color=\"rgba(74,74,74,1)\" data-follow-section-cta-border-color=\"rgba(74,74,74,1)\" data-follow-section-cta-border-width=\"0px\" data-follow-section-cta-border-radius=\"2px\" data-play-my-city-position=\"bottom\" data-play-my-city-alignment=\"center\" data-play-my-city-header-text=\"Don\u2019t see a show near you?\" data-play-my-city-cta-size=\"medium\" data-play-my-city-cta-text=\"REQUEST A SHOW\" data-play-my-city-cta-icon=\"false\" data-play-my-city-cta-text-color=\"rgba(255,255,255,1)\" data-play-my-city-cta-bg-color=\"rgba(74,74,74,1)\" data-play-my-city-cta-border-color=\"rgba(74,74,74,1)\" data-play-my-city-cta-border-width=\"0px\" data-play-my-city-cta-border-radius=\"2px\" data-optin-font=\"\" data-optin-text-color=\"\" data-optin-bg-color=\"\" data-optin-cta-text-color=\"\" data-optin-cta-bg-color=\"\" data-optin-cta-border-width=\"\" data-optin-cta-border-radius=\"\" data-optin-cta-border-color=\"\" data-language=\"en\" data-layout-breakpoint=\"900\" data-app-id=\"e8c437e402ea667c5a54ce9954fa0777\" data-affil-code=\"\" data-bit-logo-position=\"bottomRight\" data-bit-logo-color=\"rgba(66,66,66,1)\"><\/a>\t\t\t\t<\/div>\n\t\t\t\t<\/div>\n\t\t\t\t\t<\/div>\n\t\t\t\t<\/div>\n\t\t<div class=\"elementor-element elementor-element-99d5813 e-flex e-con-boxed qodef-elementor-content-no e-con e-parent\" data-id=\"99d5813\" data-element_type=\"container\">\n\t\t\t\t\t<div class=\"e-con-inner\">\n\t\t\t\t<div class=\"elementor-element elementor-element-a302a54 elementor-widget elementor-widget-html\" data-id=\"a302a54\" data-element_type=\"widget\" data-widget_type=\"html.default\">\n\t\t\t\t<div class=\"elementor-widget-container\">\n\t\t\t\t\t\n    <iframe src=\"https:\/\/bandsintown.com\/artist\/2734306\/email_signup_form?headerTextColor=rgba(0,0,0,1)&amp;backgroundColor=rgba(255,255,255,1)&amp;ctaBackgroundColor=rgba(110,69,33,1)&amp;title=MAILING%20LISTE&amp;headerTextStyle=normal&amp;headerText=Bleibe%20auf%20dem%20Laufenden&amp;font=Helvetica&amp;ctaIcon=show&amp;ctaBorderRadius=4px&amp;ctaBorderWidth=2px&amp;ctaBorderColor=rgba(114,73,37,1)&amp;ctaFontColor=rgba(255,255,255,1)&amp;alignment=center&amp;emailInputField=show&amp;ctaLabel=Abonnieren&amp;layout=wide&amp;locale=de\" width=\"100%\" height=\"220px\" title=\"widget de la newsletter\"><\/iframe>\n    \t\t\t\t<\/div>\n\t\t\t\t<\/div>\n\t\t\t\t\t<\/div>\n\t\t\t\t<\/div>\n\t\t\t\t<\/div>\n\t\t","protected":false},"excerpt":{"rendered":"<p>Concerts BILLETS ROOTS &#8211; NO ROOTS 27 avril 2024 Theaterhaus Stuttgart T1 Siemensstra\u00dfe 11 Les racines d&rsquo;une personne la fa\u00e7onnent, [&hellip;]<\/p>\n","protected":false},"author":3,"featured_media":2791,"parent":0,"menu_order":0,"comment_status":"closed","ping_status":"closed","template":"","meta":{"_uf_show_specific_survey":0,"_uf_disable_surveys":false,"site-sidebar-layout":"default","site-content-layout":"","ast-site-content-layout":"","site-content-style":"default","site-sidebar-style":"default","ast-global-header-display":"","ast-banner-title-visibility":"","ast-main-header-display":"","ast-hfb-above-header-display":"","ast-hfb-below-header-display":"","ast-hfb-mobile-header-display":"","site-post-title":"","ast-breadcrumbs-content":"","ast-featured-img":"","footer-sml-layout":"","theme-transparent-header-meta":"","adv-header-id-meta":"","stick-header-meta":"","header-above-stick-meta":"","header-main-stick-meta":"","header-below-stick-meta":"","astra-migrate-meta-layouts":"default","ast-page-background-enabled":"default","ast-page-background-meta":{"desktop":{"background-color":"var(--ast-global-color-4)","background-image":"","background-repeat":"repeat","background-position":"center center","background-size":"auto","background-attachment":"scroll","background-type":"","background-media":"","overlay-type":"","overlay-color":"","overlay-opacity":"","overlay-gradient":""},"tablet":{"background-color":"","background-image":"","background-repeat":"repeat","background-position":"center center","background-size":"auto","background-attachment":"scroll","background-type":"","background-media":"","overlay-type":"","overlay-color":"","overlay-opacity":"","overlay-gradient":""},"mobile":{"background-color":"","background-image":"","background-repeat":"repeat","background-position":"center center","background-size":"auto","background-attachment":"scroll","background-type":"","background-media":"","overlay-type":"","overlay-color":"","overlay-opacity":"","overlay-gradient":""}},"ast-content-background-meta":{"desktop":{"background-color":"var(--ast-global-color-5)","background-image":"","background-repeat":"repeat","background-position":"center center","background-size":"auto","background-attachment":"scroll","background-type":"","background-media":"","overlay-type":"","overlay-color":"","overlay-opacity":"","overlay-gradient":""},"tablet":{"background-color":"var(--ast-global-color-5)","background-image":"","background-repeat":"repeat","background-position":"center center","background-size":"auto","background-attachment":"scroll","background-type":"","background-media":"","overlay-type":"","overlay-color":"","overlay-opacity":"","overlay-gradient":""},"mobile":{"background-color":"var(--ast-global-color-5)","background-image":"","background-repeat":"repeat","background-position":"center center","background-size":"auto","background-attachment":"scroll","background-type":"","background-media":"","overlay-type":"","overlay-color":"","overlay-opacity":"","overlay-gradient":""}},"footnotes":""},"class_list":["post-2904","page","type-page","status-publish","has-post-thumbnail","hentry"],"yoast_head":"<!-- This site is optimized with the Yoast SEO plugin v24.9 - https:\/\/yoast.com\/wordpress\/plugins\/seo\/ -->\n<title>Concerts - Adrian Werum - Composer, Conductor, Pianist<\/title>\n<meta name=\"description\" content=\"Adrian Werum, compositeur et directeur musical prim\u00e9, pianiste, superviseur musical, No.1 German Classical Charts, Broadway , TV\" \/>\n<meta name=\"robots\" content=\"index, follow, max-snippet:-1, max-image-preview:large, max-video-preview:-1\" \/>\n<link rel=\"canonical\" href=\"https:\/\/adrian-werum.com\/fr\/concerts\/\" \/>\n<meta property=\"og:locale\" content=\"fr_FR\" \/>\n<meta property=\"og:type\" content=\"article\" \/>\n<meta property=\"og:title\" content=\"Concerts - Adrian Werum - Composer, Conductor, Pianist\" \/>\n<meta property=\"og:description\" content=\"Adrian Werum, compositeur et directeur musical prim\u00e9, pianiste, superviseur musical, No.1 German Classical Charts, Broadway , TV\" \/>\n<meta property=\"og:url\" content=\"https:\/\/adrian-werum.com\/fr\/concerts\/\" \/>\n<meta property=\"og:site_name\" content=\"Adrian Werum - Composer, Conductor, Pianist\" \/>\n<meta property=\"article:modified_time\" content=\"2026-02-07T16:56:53+00:00\" \/>\n<meta property=\"og:image\" content=\"https:\/\/adrian-werum.com\/wp-content\/uploads\/2023\/10\/2019.11.28_Sixt_ANC_0205-scaled-e1708719394213.jpg\" \/>\n\t<meta property=\"og:image:width\" content=\"1706\" \/>\n\t<meta property=\"og:image:height\" content=\"1706\" \/>\n\t<meta property=\"og:image:type\" content=\"image\/jpeg\" \/>\n<meta name=\"twitter:card\" content=\"summary_large_image\" \/>\n<meta name=\"twitter:label1\" content=\"Dur\u00e9e de lecture estim\u00e9e\" \/>\n\t<meta name=\"twitter:data1\" content=\"1 minute\" \/>\n<script type=\"application\/ld+json\" class=\"yoast-schema-graph\">{\"@context\":\"https:\/\/schema.org\",\"@graph\":[{\"@type\":\"WebPage\",\"@id\":\"https:\/\/adrian-werum.com\/fr\/concerts\/\",\"url\":\"https:\/\/adrian-werum.com\/fr\/concerts\/\",\"name\":\"Concerts - Adrian Werum - Composer, Conductor, Pianist\",\"isPartOf\":{\"@id\":\"https:\/\/adrian-werum.com\/fr\/#website\"},\"primaryImageOfPage\":{\"@id\":\"https:\/\/adrian-werum.com\/fr\/concerts\/#primaryimage\"},\"image\":{\"@id\":\"https:\/\/adrian-werum.com\/fr\/concerts\/#primaryimage\"},\"thumbnailUrl\":\"https:\/\/adrian-werum.com\/wp-content\/uploads\/2023\/10\/2019.11.28_Sixt_ANC_0205-scaled-e1708719394213.jpg\",\"datePublished\":\"2023-10-03T17:30:17+00:00\",\"dateModified\":\"2026-02-07T16:56:53+00:00\",\"description\":\"Adrian Werum, compositeur et directeur musical prim\u00e9, pianiste, superviseur musical, No.1 German Classical Charts, Broadway , TV\",\"breadcrumb\":{\"@id\":\"https:\/\/adrian-werum.com\/fr\/concerts\/#breadcrumb\"},\"inLanguage\":\"fr-FR\",\"potentialAction\":[{\"@type\":\"ReadAction\",\"target\":[\"https:\/\/adrian-werum.com\/fr\/concerts\/\"]}]},{\"@type\":\"ImageObject\",\"inLanguage\":\"fr-FR\",\"@id\":\"https:\/\/adrian-werum.com\/fr\/concerts\/#primaryimage\",\"url\":\"https:\/\/adrian-werum.com\/wp-content\/uploads\/2023\/10\/2019.11.28_Sixt_ANC_0205-scaled-e1708719394213.jpg\",\"contentUrl\":\"https:\/\/adrian-werum.com\/wp-content\/uploads\/2023\/10\/2019.11.28_Sixt_ANC_0205-scaled-e1708719394213.jpg\",\"width\":1706,\"height\":1706},{\"@type\":\"BreadcrumbList\",\"@id\":\"https:\/\/adrian-werum.com\/fr\/concerts\/#breadcrumb\",\"itemListElement\":[{\"@type\":\"ListItem\",\"position\":1,\"name\":\"Home\",\"item\":\"https:\/\/adrian-werum.com\/fr\/\"},{\"@type\":\"ListItem\",\"position\":2,\"name\":\"Concerts\"}]},{\"@type\":\"WebSite\",\"@id\":\"https:\/\/adrian-werum.com\/fr\/#website\",\"url\":\"https:\/\/adrian-werum.com\/fr\/\",\"name\":\"Adrian Werum - Composer, Conductor, Pianist\",\"description\":\"Award-winning Composer &amp; Musical Director for Musical Theatre\",\"publisher\":{\"@id\":\"https:\/\/adrian-werum.com\/fr\/#\/schema\/person\/484a170c749b5c90de03a53e37062fa8\"},\"potentialAction\":[{\"@type\":\"SearchAction\",\"target\":{\"@type\":\"EntryPoint\",\"urlTemplate\":\"https:\/\/adrian-werum.com\/fr\/?s={search_term_string}\"},\"query-input\":{\"@type\":\"PropertyValueSpecification\",\"valueRequired\":true,\"valueName\":\"search_term_string\"}}],\"inLanguage\":\"fr-FR\"},{\"@type\":[\"Person\",\"Organization\"],\"@id\":\"https:\/\/adrian-werum.com\/fr\/#\/schema\/person\/484a170c749b5c90de03a53e37062fa8\",\"name\":\"Adrian Werum\",\"image\":{\"@type\":\"ImageObject\",\"inLanguage\":\"fr-FR\",\"@id\":\"https:\/\/adrian-werum.com\/fr\/#\/schema\/person\/image\/\",\"url\":\"https:\/\/i0.wp.com\/adrian-werum.com\/wp-content\/uploads\/2023\/10\/Hannes_Vogel_im_Kreis-removebg-Adrian-Werum.png?fit=768%2C608&ssl=1\",\"contentUrl\":\"https:\/\/i0.wp.com\/adrian-werum.com\/wp-content\/uploads\/2023\/10\/Hannes_Vogel_im_Kreis-removebg-Adrian-Werum.png?fit=768%2C608&ssl=1\",\"width\":768,\"height\":608,\"caption\":\"Adrian Werum\"},\"logo\":{\"@id\":\"https:\/\/adrian-werum.com\/fr\/#\/schema\/person\/image\/\"}}]}<\/script>\n<!-- \/ Yoast SEO plugin. -->","yoast_head_json":{"title":"Concerts - Adrian Werum - Composer, Conductor, Pianist","description":"Adrian Werum, compositeur et directeur musical prim\u00e9, pianiste, superviseur musical, No.1 German Classical Charts, Broadway , TV","robots":{"index":"index","follow":"follow","max-snippet":"max-snippet:-1","max-image-preview":"max-image-preview:large","max-video-preview":"max-video-preview:-1"},"canonical":"https:\/\/adrian-werum.com\/fr\/concerts\/","og_locale":"fr_FR","og_type":"article","og_title":"Concerts - Adrian Werum - Composer, Conductor, Pianist","og_description":"Adrian Werum, compositeur et directeur musical prim\u00e9, pianiste, superviseur musical, No.1 German Classical Charts, Broadway , TV","og_url":"https:\/\/adrian-werum.com\/fr\/concerts\/","og_site_name":"Adrian Werum - Composer, Conductor, Pianist","article_modified_time":"2026-02-07T16:56:53+00:00","og_image":[{"width":1706,"height":1706,"url":"https:\/\/adrian-werum.com\/wp-content\/uploads\/2023\/10\/2019.11.28_Sixt_ANC_0205-scaled-e1708719394213.jpg","type":"image\/jpeg"}],"twitter_card":"summary_large_image","twitter_misc":{"Dur\u00e9e de lecture estim\u00e9e":"1 minute"},"schema":{"@context":"https:\/\/schema.org","@graph":[{"@type":"WebPage","@id":"https:\/\/adrian-werum.com\/fr\/concerts\/","url":"https:\/\/adrian-werum.com\/fr\/concerts\/","name":"Concerts - Adrian Werum - Composer, Conductor, Pianist","isPartOf":{"@id":"https:\/\/adrian-werum.com\/fr\/#website"},"primaryImageOfPage":{"@id":"https:\/\/adrian-werum.com\/fr\/concerts\/#primaryimage"},"image":{"@id":"https:\/\/adrian-werum.com\/fr\/concerts\/#primaryimage"},"thumbnailUrl":"https:\/\/adrian-werum.com\/wp-content\/uploads\/2023\/10\/2019.11.28_Sixt_ANC_0205-scaled-e1708719394213.jpg","datePublished":"2023-10-03T17:30:17+00:00","dateModified":"2026-02-07T16:56:53+00:00","description":"Adrian Werum, compositeur et directeur musical prim\u00e9, pianiste, superviseur musical, No.1 German Classical Charts, Broadway , TV","breadcrumb":{"@id":"https:\/\/adrian-werum.com\/fr\/concerts\/#breadcrumb"},"inLanguage":"fr-FR","potentialAction":[{"@type":"ReadAction","target":["https:\/\/adrian-werum.com\/fr\/concerts\/"]}]},{"@type":"ImageObject","inLanguage":"fr-FR","@id":"https:\/\/adrian-werum.com\/fr\/concerts\/#primaryimage","url":"https:\/\/adrian-werum.com\/wp-content\/uploads\/2023\/10\/2019.11.28_Sixt_ANC_0205-scaled-e1708719394213.jpg","contentUrl":"https:\/\/adrian-werum.com\/wp-content\/uploads\/2023\/10\/2019.11.28_Sixt_ANC_0205-scaled-e1708719394213.jpg","width":1706,"height":1706},{"@type":"BreadcrumbList","@id":"https:\/\/adrian-werum.com\/fr\/concerts\/#breadcrumb","itemListElement":[{"@type":"ListItem","position":1,"name":"Home","item":"https:\/\/adrian-werum.com\/fr\/"},{"@type":"ListItem","position":2,"name":"Concerts"}]},{"@type":"WebSite","@id":"https:\/\/adrian-werum.com\/fr\/#website","url":"https:\/\/adrian-werum.com\/fr\/","name":"Adrian Werum - Composer, Conductor, Pianist","description":"Award-winning Composer &amp; Musical Director for Musical Theatre","publisher":{"@id":"https:\/\/adrian-werum.com\/fr\/#\/schema\/person\/484a170c749b5c90de03a53e37062fa8"},"potentialAction":[{"@type":"SearchAction","target":{"@type":"EntryPoint","urlTemplate":"https:\/\/adrian-werum.com\/fr\/?s={search_term_string}"},"query-input":{"@type":"PropertyValueSpecification","valueRequired":true,"valueName":"search_term_string"}}],"inLanguage":"fr-FR"},{"@type":["Person","Organization"],"@id":"https:\/\/adrian-werum.com\/fr\/#\/schema\/person\/484a170c749b5c90de03a53e37062fa8","name":"Adrian Werum","image":{"@type":"ImageObject","inLanguage":"fr-FR","@id":"https:\/\/adrian-werum.com\/fr\/#\/schema\/person\/image\/","url":"https:\/\/i0.wp.com\/adrian-werum.com\/wp-content\/uploads\/2023\/10\/Hannes_Vogel_im_Kreis-removebg-Adrian-Werum.png?fit=768%2C608&ssl=1","contentUrl":"https:\/\/i0.wp.com\/adrian-werum.com\/wp-content\/uploads\/2023\/10\/Hannes_Vogel_im_Kreis-removebg-Adrian-Werum.png?fit=768%2C608&ssl=1","width":768,"height":608,"caption":"Adrian Werum"},"logo":{"@id":"https:\/\/adrian-werum.com\/fr\/#\/schema\/person\/image\/"}}]}},"_links":{"self":[{"href":"https:\/\/adrian-werum.com\/fr\/wp-json\/wp\/v2\/pages\/2904","targetHints":{"allow":["GET"]}}],"collection":[{"href":"https:\/\/adrian-werum.com\/fr\/wp-json\/wp\/v2\/pages"}],"about":[{"href":"https:\/\/adrian-werum.com\/fr\/wp-json\/wp\/v2\/types\/page"}],"author":[{"embeddable":true,"href":"https:\/\/adrian-werum.com\/fr\/wp-json\/wp\/v2\/users\/3"}],"replies":[{"embeddable":true,"href":"https:\/\/adrian-werum.com\/fr\/wp-json\/wp\/v2\/comments?post=2904"}],"version-history":[{"count":2,"href":"https:\/\/adrian-werum.com\/fr\/wp-json\/wp\/v2\/pages\/2904\/revisions"}],"predecessor-version":[{"id":3305,"href":"https:\/\/adrian-werum.com\/fr\/wp-json\/wp\/v2\/pages\/2904\/revisions\/3305"}],"wp:featuredmedia":[{"embeddable":true,"href":"https:\/\/adrian-werum.com\/fr\/wp-json\/wp\/v2\/media\/2791"}],"wp:attachment":[{"href":"https:\/\/adrian-werum.com\/fr\/wp-json\/wp\/v2\/media?parent=2904"}],"curies":[{"name":"wp","href":"https:\/\/api.w.org\/{rel}","templated":true}]}}