{"id":2892,"date":"2023-08-23T21:51:22","date_gmt":"2023-08-23T21:51:22","guid":{"rendered":"https:\/\/adrian-werum.com\/page-dechantillons\/"},"modified":"2024-05-25T14:21:03","modified_gmt":"2024-05-25T14:21:03","slug":"page-dechantillons","status":"publish","type":"page","link":"https:\/\/adrian-werum.com\/fr\/page-dechantillons\/","title":{"rendered":"Page d&rsquo;\u00e9chantillons"},"content":{"rendered":"\n<p>Ceci est une page d&rsquo;exemple. Il est diff\u00e9rent d&rsquo;un billet de blog car il restera en un seul endroit et appara\u00eetra dans la navigation de votre site (dans la plupart des th\u00e8mes). La plupart des gens commencent par une page \u00c0 propos qui les pr\u00e9sente aux visiteurs potentiels du site. Il pourrait dire quelque chose comme ceci :<\/p>\n\n<blockquote class=\"wp-block-quote is-layout-flow wp-block-quote-is-layout-flow\"><p>Salut ici ! Je suis un messager \u00e0 v\u00e9lo le jour, un acteur en herbe la nuit, et voici mon site web. Je vis \u00e0 Los Angeles, j&rsquo;ai un grand chien qui s&rsquo;appelle Jack, et j&rsquo;aime les pi\u00f1a coladas. (Et se faire prendre sous la pluie.)<\/p><\/blockquote>\n\n<p>ou quelque chose comme \u00e7a :<\/p>\n\n<blockquote class=\"wp-block-quote is-layout-flow wp-block-quote-is-layout-flow\"><p>The XYZ Doohickey Company a \u00e9t\u00e9 fond\u00e9e en 1971, et a toujours fourni des doohickeys de qualit\u00e9 au public depuis lors. Situ\u00e9 \u00e0 Gotham City, XYZ emploie plus de 2 000 personnes et fait toutes sortes de choses g\u00e9niales pour la communaut\u00e9 de Gotham.<\/p><\/blockquote>\n\n<p>En tant que nouvel utilisateur de WordPress, vous devez vous rendre sur <a href=\"http:\/\/box5387\/cgi\/addon_GT.cgi?s=GT::WP::Install::Cpanel+%28svsqgimy%29+-+127.0.0.1+%5Bnocaller%5D\/wp-admin\/\">votre tableau de bord<\/a> pour supprimer cette page et cr\u00e9er de nouvelles pages pour votre contenu. Amusez-vous !<\/p>\n","protected":false},"excerpt":{"rendered":"<p>Ceci est une page d&rsquo;exemple. Il est diff\u00e9rent d&rsquo;un billet de blog car il restera en un seul endroit et [&hellip;]<\/p>\n","protected":false},"author":1,"featured_media":0,"parent":0,"menu_order":0,"comment_status":"closed","ping_status":"open","template":"","meta":{"_uf_show_specific_survey":0,"_uf_disable_surveys":false,"site-sidebar-layout":"default","site-content-layout":"","ast-site-content-layout":"default","site-content-style":"default","site-sidebar-style":"default","ast-global-header-display":"","ast-banner-title-visibility":"","ast-main-header-display":"","ast-hfb-above-header-display":"","ast-hfb-below-header-display":"","ast-hfb-mobile-header-display":"","site-post-title":"","ast-breadcrumbs-content":"","ast-featured-img":"","footer-sml-layout":"","ast-disable-related-posts":"","theme-transparent-header-meta":"","adv-header-id-meta":"","stick-header-meta":"","header-above-stick-meta":"","header-main-stick-meta":"","header-below-stick-meta":"","astra-migrate-meta-layouts":"default","ast-page-background-enabled":"default","ast-page-background-meta":{"desktop":{"background-color":"var(--ast-global-color-4)","background-image":"","background-repeat":"repeat","background-position":"center center","background-size":"auto","background-attachment":"scroll","background-type":"","background-media":"","overlay-type":"","overlay-color":"","overlay-opacity":"","overlay-gradient":""},"tablet":{"background-color":"","background-image":"","background-repeat":"repeat","background-position":"center center","background-size":"auto","background-attachment":"scroll","background-type":"","background-media":"","overlay-type":"","overlay-color":"","overlay-opacity":"","overlay-gradient":""},"mobile":{"background-color":"","background-image":"","background-repeat":"repeat","background-position":"center center","background-size":"auto","background-attachment":"scroll","background-type":"","background-media":"","overlay-type":"","overlay-color":"","overlay-opacity":"","overlay-gradient":""}},"ast-content-background-meta":{"desktop":{"background-color":"var(--ast-global-color-5)","background-image":"","background-repeat":"repeat","background-position":"center center","background-size":"auto","background-attachment":"scroll","background-type":"","background-media":"","overlay-type":"","overlay-color":"","overlay-opacity":"","overlay-gradient":""},"tablet":{"background-color":"var(--ast-global-color-5)","background-image":"","background-repeat":"repeat","background-position":"center center","background-size":"auto","background-attachment":"scroll","background-type":"","background-media":"","overlay-type":"","overlay-color":"","overlay-opacity":"","overlay-gradient":""},"mobile":{"background-color":"var(--ast-global-color-5)","background-image":"","background-repeat":"repeat","background-position":"center center","background-size":"auto","background-attachment":"scroll","background-type":"","background-media":"","overlay-type":"","overlay-color":"","overlay-opacity":"","overlay-gradient":""}},"footnotes":""},"class_list":["post-2892","page","type-page","status-publish","hentry"],"yoast_head":"<!-- This site is optimized with the Yoast SEO plugin v27.4 - https:\/\/yoast.com\/product\/yoast-seo-wordpress\/ -->\n<title>Page d&#039;\u00e9chantillons - Adrian Werum - Composer, Conductor, Pianist<\/title>\n<meta name=\"robots\" content=\"index, follow, max-snippet:-1, max-image-preview:large, max-video-preview:-1\" \/>\n<link rel=\"canonical\" href=\"https:\/\/adrian-werum.com\/fr\/page-dechantillons\/\" \/>\n<meta property=\"og:locale\" content=\"fr_FR\" \/>\n<meta property=\"og:type\" content=\"article\" \/>\n<meta property=\"og:title\" content=\"Page d&#039;\u00e9chantillons - Adrian Werum - Composer, Conductor, Pianist\" \/>\n<meta property=\"og:description\" content=\"Ceci est une page d&rsquo;exemple. Il est diff\u00e9rent d&rsquo;un billet de blog car il restera en un seul endroit et [&hellip;]\" \/>\n<meta property=\"og:url\" content=\"https:\/\/adrian-werum.com\/fr\/page-dechantillons\/\" \/>\n<meta property=\"og:site_name\" content=\"Adrian Werum - Composer, Conductor, Pianist\" \/>\n<meta property=\"article:modified_time\" content=\"2024-05-25T14:21:03+00:00\" \/>\n<meta name=\"twitter:card\" content=\"summary_large_image\" \/>\n<meta name=\"twitter:label1\" content=\"Dur\u00e9e de lecture estim\u00e9e\" \/>\n\t<meta name=\"twitter:data1\" content=\"1 minute\" \/>\n<script type=\"application\/ld+json\" class=\"yoast-schema-graph\">{\"@context\":\"https:\\\/\\\/schema.org\",\"@graph\":[{\"@type\":\"WebPage\",\"@id\":\"https:\\\/\\\/adrian-werum.com\\\/fr\\\/page-dechantillons\\\/\",\"url\":\"https:\\\/\\\/adrian-werum.com\\\/fr\\\/page-dechantillons\\\/\",\"name\":\"Page d'\u00e9chantillons - Adrian Werum - Composer, Conductor, Pianist\",\"isPartOf\":{\"@id\":\"https:\\\/\\\/adrian-werum.com\\\/fr\\\/#website\"},\"datePublished\":\"2023-08-23T21:51:22+00:00\",\"dateModified\":\"2024-05-25T14:21:03+00:00\",\"breadcrumb\":{\"@id\":\"https:\\\/\\\/adrian-werum.com\\\/fr\\\/page-dechantillons\\\/#breadcrumb\"},\"inLanguage\":\"fr-FR\",\"potentialAction\":[{\"@type\":\"ReadAction\",\"target\":[\"https:\\\/\\\/adrian-werum.com\\\/fr\\\/page-dechantillons\\\/\"]}]},{\"@type\":\"BreadcrumbList\",\"@id\":\"https:\\\/\\\/adrian-werum.com\\\/fr\\\/page-dechantillons\\\/#breadcrumb\",\"itemListElement\":[{\"@type\":\"ListItem\",\"position\":1,\"name\":\"Home\",\"item\":\"https:\\\/\\\/adrian-werum.com\\\/fr\\\/\"},{\"@type\":\"ListItem\",\"position\":2,\"name\":\"Page d&#8217;\u00e9chantillons\"}]},{\"@type\":\"WebSite\",\"@id\":\"https:\\\/\\\/adrian-werum.com\\\/fr\\\/#website\",\"url\":\"https:\\\/\\\/adrian-werum.com\\\/fr\\\/\",\"name\":\"Adrian Werum - Composer, Conductor, Pianist\",\"description\":\"Award-winning Composer &amp; Musical Director for Musical Theatre\",\"publisher\":{\"@id\":\"https:\\\/\\\/adrian-werum.com\\\/fr\\\/#\\\/schema\\\/person\\\/484a170c749b5c90de03a53e37062fa8\"},\"potentialAction\":[{\"@type\":\"SearchAction\",\"target\":{\"@type\":\"EntryPoint\",\"urlTemplate\":\"https:\\\/\\\/adrian-werum.com\\\/fr\\\/?s={search_term_string}\"},\"query-input\":{\"@type\":\"PropertyValueSpecification\",\"valueRequired\":true,\"valueName\":\"search_term_string\"}}],\"inLanguage\":\"fr-FR\"},{\"@type\":[\"Person\",\"Organization\"],\"@id\":\"https:\\\/\\\/adrian-werum.com\\\/fr\\\/#\\\/schema\\\/person\\\/484a170c749b5c90de03a53e37062fa8\",\"name\":\"Adrian Werum\",\"image\":{\"@type\":\"ImageObject\",\"inLanguage\":\"fr-FR\",\"@id\":\"https:\\\/\\\/i0.wp.com\\\/adrian-werum.com\\\/wp-content\\\/uploads\\\/2023\\\/10\\\/Hannes_Vogel_im_Kreis-removebg-Adrian-Werum.png?fit=768%2C608&ssl=1\",\"url\":\"https:\\\/\\\/i0.wp.com\\\/adrian-werum.com\\\/wp-content\\\/uploads\\\/2023\\\/10\\\/Hannes_Vogel_im_Kreis-removebg-Adrian-Werum.png?fit=768%2C608&ssl=1\",\"contentUrl\":\"https:\\\/\\\/i0.wp.com\\\/adrian-werum.com\\\/wp-content\\\/uploads\\\/2023\\\/10\\\/Hannes_Vogel_im_Kreis-removebg-Adrian-Werum.png?fit=768%2C608&ssl=1\",\"width\":768,\"height\":608,\"caption\":\"Adrian Werum\"},\"logo\":{\"@id\":\"https:\\\/\\\/i0.wp.com\\\/adrian-werum.com\\\/wp-content\\\/uploads\\\/2023\\\/10\\\/Hannes_Vogel_im_Kreis-removebg-Adrian-Werum.png?fit=768%2C608&ssl=1\"}}]}<\/script>\n<!-- \/ Yoast SEO plugin. -->","yoast_head_json":{"title":"Page d'\u00e9chantillons - Adrian Werum - Composer, Conductor, Pianist","robots":{"index":"index","follow":"follow","max-snippet":"max-snippet:-1","max-image-preview":"max-image-preview:large","max-video-preview":"max-video-preview:-1"},"canonical":"https:\/\/adrian-werum.com\/fr\/page-dechantillons\/","og_locale":"fr_FR","og_type":"article","og_title":"Page d'\u00e9chantillons - Adrian Werum - Composer, Conductor, Pianist","og_description":"Ceci est une page d&rsquo;exemple. Il est diff\u00e9rent d&rsquo;un billet de blog car il restera en un seul endroit et [&hellip;]","og_url":"https:\/\/adrian-werum.com\/fr\/page-dechantillons\/","og_site_name":"Adrian Werum - Composer, Conductor, Pianist","article_modified_time":"2024-05-25T14:21:03+00:00","twitter_card":"summary_large_image","twitter_misc":{"Dur\u00e9e de lecture estim\u00e9e":"1 minute"},"schema":{"@context":"https:\/\/schema.org","@graph":[{"@type":"WebPage","@id":"https:\/\/adrian-werum.com\/fr\/page-dechantillons\/","url":"https:\/\/adrian-werum.com\/fr\/page-dechantillons\/","name":"Page d'\u00e9chantillons - Adrian Werum - Composer, Conductor, Pianist","isPartOf":{"@id":"https:\/\/adrian-werum.com\/fr\/#website"},"datePublished":"2023-08-23T21:51:22+00:00","dateModified":"2024-05-25T14:21:03+00:00","breadcrumb":{"@id":"https:\/\/adrian-werum.com\/fr\/page-dechantillons\/#breadcrumb"},"inLanguage":"fr-FR","potentialAction":[{"@type":"ReadAction","target":["https:\/\/adrian-werum.com\/fr\/page-dechantillons\/"]}]},{"@type":"BreadcrumbList","@id":"https:\/\/adrian-werum.com\/fr\/page-dechantillons\/#breadcrumb","itemListElement":[{"@type":"ListItem","position":1,"name":"Home","item":"https:\/\/adrian-werum.com\/fr\/"},{"@type":"ListItem","position":2,"name":"Page d&#8217;\u00e9chantillons"}]},{"@type":"WebSite","@id":"https:\/\/adrian-werum.com\/fr\/#website","url":"https:\/\/adrian-werum.com\/fr\/","name":"Adrian Werum - Composer, Conductor, Pianist","description":"Award-winning Composer &amp; Musical Director for Musical Theatre","publisher":{"@id":"https:\/\/adrian-werum.com\/fr\/#\/schema\/person\/484a170c749b5c90de03a53e37062fa8"},"potentialAction":[{"@type":"SearchAction","target":{"@type":"EntryPoint","urlTemplate":"https:\/\/adrian-werum.com\/fr\/?s={search_term_string}"},"query-input":{"@type":"PropertyValueSpecification","valueRequired":true,"valueName":"search_term_string"}}],"inLanguage":"fr-FR"},{"@type":["Person","Organization"],"@id":"https:\/\/adrian-werum.com\/fr\/#\/schema\/person\/484a170c749b5c90de03a53e37062fa8","name":"Adrian Werum","image":{"@type":"ImageObject","inLanguage":"fr-FR","@id":"https:\/\/i0.wp.com\/adrian-werum.com\/wp-content\/uploads\/2023\/10\/Hannes_Vogel_im_Kreis-removebg-Adrian-Werum.png?fit=768%2C608&ssl=1","url":"https:\/\/i0.wp.com\/adrian-werum.com\/wp-content\/uploads\/2023\/10\/Hannes_Vogel_im_Kreis-removebg-Adrian-Werum.png?fit=768%2C608&ssl=1","contentUrl":"https:\/\/i0.wp.com\/adrian-werum.com\/wp-content\/uploads\/2023\/10\/Hannes_Vogel_im_Kreis-removebg-Adrian-Werum.png?fit=768%2C608&ssl=1","width":768,"height":608,"caption":"Adrian Werum"},"logo":{"@id":"https:\/\/i0.wp.com\/adrian-werum.com\/wp-content\/uploads\/2023\/10\/Hannes_Vogel_im_Kreis-removebg-Adrian-Werum.png?fit=768%2C608&ssl=1"}}]}},"_links":{"self":[{"href":"https:\/\/adrian-werum.com\/fr\/wp-json\/wp\/v2\/pages\/2892","targetHints":{"allow":["GET"]}}],"collection":[{"href":"https:\/\/adrian-werum.com\/fr\/wp-json\/wp\/v2\/pages"}],"about":[{"href":"https:\/\/adrian-werum.com\/fr\/wp-json\/wp\/v2\/types\/page"}],"author":[{"embeddable":true,"href":"https:\/\/adrian-werum.com\/fr\/wp-json\/wp\/v2\/users\/1"}],"replies":[{"embeddable":true,"href":"https:\/\/adrian-werum.com\/fr\/wp-json\/wp\/v2\/comments?post=2892"}],"version-history":[{"count":1,"href":"https:\/\/adrian-werum.com\/fr\/wp-json\/wp\/v2\/pages\/2892\/revisions"}],"predecessor-version":[{"id":2899,"href":"https:\/\/adrian-werum.com\/fr\/wp-json\/wp\/v2\/pages\/2892\/revisions\/2899"}],"wp:attachment":[{"href":"https:\/\/adrian-werum.com\/fr\/wp-json\/wp\/v2\/media?parent=2892"}],"curies":[{"name":"wp","href":"https:\/\/api.w.org\/{rel}","templated":true}]}}